{"id":21,"date":"2023-11-17T09:40:13","date_gmt":"2023-11-17T07:40:13","guid":{"rendered":"http:\/\/anv.fi\/?page_id=21"},"modified":"2024-08-05T18:09:59","modified_gmt":"2024-08-05T15:09:59","slug":"ilo-liikuttaa","status":"publish","type":"page","link":"https:\/\/anv.fi\/","title":{"rendered":"Ilo liikuttaa!"},"content":{"rendered":"\n<p>Meill\u00e4 on t\u00e4ll\u00e4 hetkell\u00e4 kaksi erilaista treeni\u00e4 viikossa ja niihin on jokaisen helppo tulla! Voit olla liikuntaharrastuksen aloittava tai vanha konkari, treenit saa juuri niin vaativiksi tai helpoiksi kuin itse haluat. Ekan kerran voit k\u00e4yd\u00e4 kokeilemassa maksutta!<\/p>\n\n\n\n<p>Tervetuloa mukaan liikunnalliseen ja iloiseen joukkoomme!<\/p>\n\n\n\n<p><em>t. ANV:N&nbsp; johtokunta ja ohjaajat<\/em><\/p>\n\n\n\n<p><strong>S\u00e4hk\u00f6postiosoitteemme:<\/strong>&nbsp;&nbsp;<br><a href=\"mailto:alavudennaisvoimistelijatry@gmail.com\" rel=\"nofollow\">alavudennaisvoimistelijatry@gmail.com<\/a><\/p>\n\n\n\n<p>Meid\u00e4t l\u00f6yt\u00e4\u00e4 my\u00f6s instagramista sek\u00e4 facebookista nimell\u00e4&nbsp;<strong>ANV<\/strong><\/p>\n\n\n\n<figure class=\"wp-block-image size-large\"><img loading=\"lazy\" decoding=\"async\" width=\"1024\" height=\"1024\" src=\"https:\/\/anv.fi\/wp-content\/uploads\/2023\/11\/646C7E22-F91A-4C64-B443-6FC14EDF2BFB-1024x1024.png\" alt=\"\" class=\"wp-image-57\" srcset=\"https:\/\/anv.fi\/wp-content\/uploads\/2023\/11\/646C7E22-F91A-4C64-B443-6FC14EDF2BFB-1024x1024.png 1024w, https:\/\/anv.fi\/wp-content\/uploads\/2023\/11\/646C7E22-F91A-4C64-B443-6FC14EDF2BFB-300x300.png 300w, https:\/\/anv.fi\/wp-content\/uploads\/2023\/11\/646C7E22-F91A-4C64-B443-6FC14EDF2BFB-150x150.png 150w, https:\/\/anv.fi\/wp-content\/uploads\/2023\/11\/646C7E22-F91A-4C64-B443-6FC14EDF2BFB-768x768.png 768w, https:\/\/anv.fi\/wp-content\/uploads\/2023\/11\/646C7E22-F91A-4C64-B443-6FC14EDF2BFB.png 1080w\" sizes=\"auto, (max-width: 1024px) 100vw, 1024px\" \/><\/figure>\n\n\n\n<figure class=\"wp-block-image size-full\"><img loading=\"lazy\" decoding=\"async\" width=\"1024\" height=\"606\" src=\"http:\/\/anv.fi\/wp-content\/uploads\/2023\/11\/IMG_0927-1024x606-1.jpg\" alt=\"Yl\u00e4koulun salissa\" class=\"wp-image-15\" srcset=\"https:\/\/anv.fi\/wp-content\/uploads\/2023\/11\/IMG_0927-1024x606-1.jpg 1024w, https:\/\/anv.fi\/wp-content\/uploads\/2023\/11\/IMG_0927-1024x606-1-300x178.jpg 300w, https:\/\/anv.fi\/wp-content\/uploads\/2023\/11\/IMG_0927-1024x606-1-768x455.jpg 768w\" sizes=\"auto, (max-width: 1024px) 100vw, 1024px\" \/><\/figure>\n\n\n\n<figure class=\"wp-block-image size-full\"><img loading=\"lazy\" decoding=\"async\" width=\"1024\" height=\"682\" src=\"http:\/\/anv.fi\/wp-content\/uploads\/2023\/11\/IMG_0912-1024x682-1.jpg\" alt=\"\" class=\"wp-image-13\" srcset=\"https:\/\/anv.fi\/wp-content\/uploads\/2023\/11\/IMG_0912-1024x682-1.jpg 1024w, https:\/\/anv.fi\/wp-content\/uploads\/2023\/11\/IMG_0912-1024x682-1-300x200.jpg 300w, https:\/\/anv.fi\/wp-content\/uploads\/2023\/11\/IMG_0912-1024x682-1-768x512.jpg 768w\" sizes=\"auto, (max-width: 1024px) 100vw, 1024px\" \/><\/figure>\n\n\n\n<figure class=\"wp-block-image size-full\"><img loading=\"lazy\" decoding=\"async\" width=\"1024\" height=\"682\" src=\"http:\/\/anv.fi\/wp-content\/uploads\/2023\/11\/IMG_0907-1024x682-1.jpg\" alt=\"\" class=\"wp-image-11\" srcset=\"https:\/\/anv.fi\/wp-content\/uploads\/2023\/11\/IMG_0907-1024x682-1.jpg 1024w, https:\/\/anv.fi\/wp-content\/uploads\/2023\/11\/IMG_0907-1024x682-1-300x200.jpg 300w, https:\/\/anv.fi\/wp-content\/uploads\/2023\/11\/IMG_0907-1024x682-1-768x512.jpg 768w\" sizes=\"auto, (max-width: 1024px) 100vw, 1024px\" \/><\/figure>\n","protected":false},"excerpt":{"rendered":"<p>Meill\u00e4 on t\u00e4ll\u00e4 hetkell\u00e4 kaksi erilaista treeni\u00e4 viikossa ja niihin on jokaisen helppo tulla! Voit olla liikuntaharrastuksen aloittava tai vanha konkari, treenit saa juuri niin vaativiksi tai helpoiksi kuin itse haluat. Ekan kerran voit k\u00e4yd\u00e4 kokeilemassa maksutta! Tervetuloa mukaan liikunnalliseen ja iloiseen joukkoomme! t. ANV:N&nbsp; johtokunta ja ohjaajat S\u00e4hk\u00f6postiosoitteemme:&nbsp;&nbsp;alavudennaisvoimistelijatry@gmail.com Meid\u00e4t l\u00f6yt\u00e4\u00e4 my\u00f6s instagramista sek\u00e4 facebookista [&hellip;]<\/p>\n","protected":false},"author":1,"featured_media":0,"parent":0,"menu_order":0,"comment_status":"closed","ping_status":"closed","template":"","meta":{"footnotes":""},"class_list":["post-21","page","type-page","status-publish","hentry"],"yoast_head":"<!-- This site is optimized with the Yoast SEO plugin v25.8 - https:\/\/yoast.com\/wordpress\/plugins\/seo\/ -->\n<title>Ilo liikuttaa! - ANV<\/title>\n<meta name=\"robots\" content=\"index, follow, max-snippet:-1, max-image-preview:large, max-video-preview:-1\" \/>\n<link rel=\"canonical\" href=\"https:\/\/anv.fi\/\" \/>\n<meta property=\"og:locale\" content=\"fi_FI\" \/>\n<meta property=\"og:type\" content=\"article\" \/>\n<meta property=\"og:title\" content=\"Ilo liikuttaa! - ANV\" \/>\n<meta property=\"og:description\" content=\"Meill\u00e4 on t\u00e4ll\u00e4 hetkell\u00e4 kaksi erilaista treeni\u00e4 viikossa ja niihin on jokaisen helppo tulla! Voit olla liikuntaharrastuksen aloittava tai vanha konkari, treenit saa juuri niin vaativiksi tai helpoiksi kuin itse haluat. Ekan kerran voit k\u00e4yd\u00e4 kokeilemassa maksutta! Tervetuloa mukaan liikunnalliseen ja iloiseen joukkoomme! t. ANV:N&nbsp; johtokunta ja ohjaajat S\u00e4hk\u00f6postiosoitteemme:&nbsp;&nbsp;alavudennaisvoimistelijatry@gmail.com Meid\u00e4t l\u00f6yt\u00e4\u00e4 my\u00f6s instagramista sek\u00e4 facebookista [&hellip;]\" \/>\n<meta property=\"og:url\" content=\"https:\/\/anv.fi\/\" \/>\n<meta property=\"og:site_name\" content=\"ANV\" \/>\n<meta property=\"article:publisher\" content=\"https:\/\/www.facebook.com\/alavudennaisvoimistelijat\" \/>\n<meta property=\"article:modified_time\" content=\"2024-08-05T15:09:59+00:00\" \/>\n<meta property=\"og:image\" content=\"https:\/\/anv.fi\/wp-content\/uploads\/2023\/11\/646C7E22-F91A-4C64-B443-6FC14EDF2BFB-1024x1024.png\" \/>\n<meta name=\"twitter:card\" content=\"summary_large_image\" \/>\n<meta name=\"twitter:label1\" content=\"Arvioitu lukuaika\" \/>\n\t<meta name=\"twitter:data1\" content=\"2 minuuttia\" \/>\n<script type=\"application\/ld+json\" class=\"yoast-schema-graph\">{\"@context\":\"https:\/\/schema.org\",\"@graph\":[{\"@type\":\"WebPage\",\"@id\":\"https:\/\/anv.fi\/\",\"url\":\"https:\/\/anv.fi\/\",\"name\":\"Ilo liikuttaa! - ANV\",\"isPartOf\":{\"@id\":\"https:\/\/anv.fi\/#website\"},\"primaryImageOfPage\":{\"@id\":\"https:\/\/anv.fi\/#primaryimage\"},\"image\":{\"@id\":\"https:\/\/anv.fi\/#primaryimage\"},\"thumbnailUrl\":\"https:\/\/anv.fi\/wp-content\/uploads\/2023\/11\/646C7E22-F91A-4C64-B443-6FC14EDF2BFB-1024x1024.png\",\"datePublished\":\"2023-11-17T07:40:13+00:00\",\"dateModified\":\"2024-08-05T15:09:59+00:00\",\"breadcrumb\":{\"@id\":\"https:\/\/anv.fi\/#breadcrumb\"},\"inLanguage\":\"fi\",\"potentialAction\":[{\"@type\":\"ReadAction\",\"target\":[\"https:\/\/anv.fi\/\"]}]},{\"@type\":\"ImageObject\",\"inLanguage\":\"fi\",\"@id\":\"https:\/\/anv.fi\/#primaryimage\",\"url\":\"https:\/\/anv.fi\/wp-content\/uploads\/2023\/11\/646C7E22-F91A-4C64-B443-6FC14EDF2BFB.png\",\"contentUrl\":\"https:\/\/anv.fi\/wp-content\/uploads\/2023\/11\/646C7E22-F91A-4C64-B443-6FC14EDF2BFB.png\",\"width\":1080,\"height\":1080},{\"@type\":\"BreadcrumbList\",\"@id\":\"https:\/\/anv.fi\/#breadcrumb\",\"itemListElement\":[{\"@type\":\"ListItem\",\"position\":1,\"name\":\"Etusivu\",\"item\":\"https:\/\/anv.fi\/\"},{\"@type\":\"ListItem\",\"position\":2,\"name\":\"Ilo liikuttaa!\"}]},{\"@type\":\"WebSite\",\"@id\":\"https:\/\/anv.fi\/#website\",\"url\":\"https:\/\/anv.fi\/\",\"name\":\"ANV\",\"description\":\"ANV verkkosivusto. Treenit maanantaisin ja keskiviikkoisin.\",\"publisher\":{\"@id\":\"https:\/\/anv.fi\/#organization\"},\"potentialAction\":[{\"@type\":\"SearchAction\",\"target\":{\"@type\":\"EntryPoint\",\"urlTemplate\":\"https:\/\/anv.fi\/?s={search_term_string}\"},\"query-input\":{\"@type\":\"PropertyValueSpecification\",\"valueRequired\":true,\"valueName\":\"search_term_string\"}}],\"inLanguage\":\"fi\"},{\"@type\":\"Organization\",\"@id\":\"https:\/\/anv.fi\/#organization\",\"name\":\"ANV\",\"url\":\"https:\/\/anv.fi\/\",\"logo\":{\"@type\":\"ImageObject\",\"inLanguage\":\"fi\",\"@id\":\"https:\/\/anv.fi\/#\/schema\/logo\/image\/\",\"url\":\"https:\/\/anv.fi\/wp-content\/uploads\/2023\/11\/Na\u0308ytto\u0308kuva-2023-1-4-kello-10.27.43-1024x730-1.png\",\"contentUrl\":\"https:\/\/anv.fi\/wp-content\/uploads\/2023\/11\/Na\u0308ytto\u0308kuva-2023-1-4-kello-10.27.43-1024x730-1.png\",\"width\":1024,\"height\":730,\"caption\":\"ANV\"},\"image\":{\"@id\":\"https:\/\/anv.fi\/#\/schema\/logo\/image\/\"},\"sameAs\":[\"https:\/\/www.facebook.com\/alavudennaisvoimistelijat\",\"https:\/\/www.instagram.com\/anv.alavus\/\"]}]}<\/script>\n<!-- \/ Yoast SEO plugin. -->","yoast_head_json":{"title":"Ilo liikuttaa! - ANV","robots":{"index":"index","follow":"follow","max-snippet":"max-snippet:-1","max-image-preview":"max-image-preview:large","max-video-preview":"max-video-preview:-1"},"canonical":"https:\/\/anv.fi\/","og_locale":"fi_FI","og_type":"article","og_title":"Ilo liikuttaa! - ANV","og_description":"Meill\u00e4 on t\u00e4ll\u00e4 hetkell\u00e4 kaksi erilaista treeni\u00e4 viikossa ja niihin on jokaisen helppo tulla! Voit olla liikuntaharrastuksen aloittava tai vanha konkari, treenit saa juuri niin vaativiksi tai helpoiksi kuin itse haluat. Ekan kerran voit k\u00e4yd\u00e4 kokeilemassa maksutta! Tervetuloa mukaan liikunnalliseen ja iloiseen joukkoomme! t. ANV:N&nbsp; johtokunta ja ohjaajat S\u00e4hk\u00f6postiosoitteemme:&nbsp;&nbsp;alavudennaisvoimistelijatry@gmail.com Meid\u00e4t l\u00f6yt\u00e4\u00e4 my\u00f6s instagramista sek\u00e4 facebookista [&hellip;]","og_url":"https:\/\/anv.fi\/","og_site_name":"ANV","article_publisher":"https:\/\/www.facebook.com\/alavudennaisvoimistelijat","article_modified_time":"2024-08-05T15:09:59+00:00","og_image":[{"url":"https:\/\/anv.fi\/wp-content\/uploads\/2023\/11\/646C7E22-F91A-4C64-B443-6FC14EDF2BFB-1024x1024.png","type":"","width":"","height":""}],"twitter_card":"summary_large_image","twitter_misc":{"Arvioitu lukuaika":"2 minuuttia"},"schema":{"@context":"https:\/\/schema.org","@graph":[{"@type":"WebPage","@id":"https:\/\/anv.fi\/","url":"https:\/\/anv.fi\/","name":"Ilo liikuttaa! - ANV","isPartOf":{"@id":"https:\/\/anv.fi\/#website"},"primaryImageOfPage":{"@id":"https:\/\/anv.fi\/#primaryimage"},"image":{"@id":"https:\/\/anv.fi\/#primaryimage"},"thumbnailUrl":"https:\/\/anv.fi\/wp-content\/uploads\/2023\/11\/646C7E22-F91A-4C64-B443-6FC14EDF2BFB-1024x1024.png","datePublished":"2023-11-17T07:40:13+00:00","dateModified":"2024-08-05T15:09:59+00:00","breadcrumb":{"@id":"https:\/\/anv.fi\/#breadcrumb"},"inLanguage":"fi","potentialAction":[{"@type":"ReadAction","target":["https:\/\/anv.fi\/"]}]},{"@type":"ImageObject","inLanguage":"fi","@id":"https:\/\/anv.fi\/#primaryimage","url":"https:\/\/anv.fi\/wp-content\/uploads\/2023\/11\/646C7E22-F91A-4C64-B443-6FC14EDF2BFB.png","contentUrl":"https:\/\/anv.fi\/wp-content\/uploads\/2023\/11\/646C7E22-F91A-4C64-B443-6FC14EDF2BFB.png","width":1080,"height":1080},{"@type":"BreadcrumbList","@id":"https:\/\/anv.fi\/#breadcrumb","itemListElement":[{"@type":"ListItem","position":1,"name":"Etusivu","item":"https:\/\/anv.fi\/"},{"@type":"ListItem","position":2,"name":"Ilo liikuttaa!"}]},{"@type":"WebSite","@id":"https:\/\/anv.fi\/#website","url":"https:\/\/anv.fi\/","name":"ANV","description":"ANV verkkosivusto. Treenit maanantaisin ja keskiviikkoisin.","publisher":{"@id":"https:\/\/anv.fi\/#organization"},"potentialAction":[{"@type":"SearchAction","target":{"@type":"EntryPoint","urlTemplate":"https:\/\/anv.fi\/?s={search_term_string}"},"query-input":{"@type":"PropertyValueSpecification","valueRequired":true,"valueName":"search_term_string"}}],"inLanguage":"fi"},{"@type":"Organization","@id":"https:\/\/anv.fi\/#organization","name":"ANV","url":"https:\/\/anv.fi\/","logo":{"@type":"ImageObject","inLanguage":"fi","@id":"https:\/\/anv.fi\/#\/schema\/logo\/image\/","url":"https:\/\/anv.fi\/wp-content\/uploads\/2023\/11\/Na\u0308ytto\u0308kuva-2023-1-4-kello-10.27.43-1024x730-1.png","contentUrl":"https:\/\/anv.fi\/wp-content\/uploads\/2023\/11\/Na\u0308ytto\u0308kuva-2023-1-4-kello-10.27.43-1024x730-1.png","width":1024,"height":730,"caption":"ANV"},"image":{"@id":"https:\/\/anv.fi\/#\/schema\/logo\/image\/"},"sameAs":["https:\/\/www.facebook.com\/alavudennaisvoimistelijat","https:\/\/www.instagram.com\/anv.alavus\/"]}]}},"_links":{"self":[{"href":"https:\/\/anv.fi\/index.php?rest_route=\/wp\/v2\/pages\/21","targetHints":{"allow":["GET"]}}],"collection":[{"href":"https:\/\/anv.fi\/index.php?rest_route=\/wp\/v2\/pages"}],"about":[{"href":"https:\/\/anv.fi\/index.php?rest_route=\/wp\/v2\/types\/page"}],"author":[{"embeddable":true,"href":"https:\/\/anv.fi\/index.php?rest_route=\/wp\/v2\/users\/1"}],"replies":[{"embeddable":true,"href":"https:\/\/anv.fi\/index.php?rest_route=%2Fwp%2Fv2%2Fcomments&post=21"}],"version-history":[{"count":4,"href":"https:\/\/anv.fi\/index.php?rest_route=\/wp\/v2\/pages\/21\/revisions"}],"predecessor-version":[{"id":68,"href":"https:\/\/anv.fi\/index.php?rest_route=\/wp\/v2\/pages\/21\/revisions\/68"}],"wp:attachment":[{"href":"https:\/\/anv.fi\/index.php?rest_route=%2Fwp%2Fv2%2Fmedia&parent=21"}],"curies":[{"name":"wp","href":"https:\/\/api.w.org\/{rel}","templated":true}]}}