{"id":24,"date":"2023-11-17T09:42:44","date_gmt":"2023-11-17T07:42:44","guid":{"rendered":"http:\/\/anv.fi\/?page_id=24"},"modified":"2025-08-03T11:20:40","modified_gmt":"2025-08-03T08:20:40","slug":"ajankohtaista","status":"publish","type":"page","link":"https:\/\/anv.fi\/?page_id=24","title":{"rendered":"Ajankohtaista:"},"content":{"rendered":"\n<p>Syksyn treenit alkavat Anne-Marin tehotreenill\u00e4 ma 18.8. HUOM! Uudet k\u00e4vij\u00e4t voivat tulla testaamaan treenej\u00e4 maksutta ensimm\u00e4isen kerran.<\/p>\n\n\n\n<p><\/p>\n\n\n\n<p>Tervetuloa niin vanhat kuin uudetkin jumpparit \ud83d\ude42<\/p>\n\n\n\n<figure class=\"wp-block-image size-large\"><img loading=\"lazy\" decoding=\"async\" width=\"1024\" height=\"1024\" src=\"https:\/\/anv.fi\/wp-content\/uploads\/2023\/11\/646C7E22-F91A-4C64-B443-6FC14EDF2BFB-1-1024x1024.png\" alt=\"\" class=\"wp-image-60\" srcset=\"https:\/\/anv.fi\/wp-content\/uploads\/2023\/11\/646C7E22-F91A-4C64-B443-6FC14EDF2BFB-1-1024x1024.png 1024w, https:\/\/anv.fi\/wp-content\/uploads\/2023\/11\/646C7E22-F91A-4C64-B443-6FC14EDF2BFB-1-300x300.png 300w, https:\/\/anv.fi\/wp-content\/uploads\/2023\/11\/646C7E22-F91A-4C64-B443-6FC14EDF2BFB-1-150x150.png 150w, https:\/\/anv.fi\/wp-content\/uploads\/2023\/11\/646C7E22-F91A-4C64-B443-6FC14EDF2BFB-1-768x768.png 768w, https:\/\/anv.fi\/wp-content\/uploads\/2023\/11\/646C7E22-F91A-4C64-B443-6FC14EDF2BFB-1.png 1080w\" sizes=\"auto, (max-width: 1024px) 100vw, 1024px\" \/><\/figure>\n","protected":false},"excerpt":{"rendered":"<p>Syksyn treenit alkavat Anne-Marin tehotreenill\u00e4 ma 18.8. HUOM! Uudet k\u00e4vij\u00e4t voivat tulla testaamaan treenej\u00e4 maksutta ensimm\u00e4isen kerran. Tervetuloa niin vanhat kuin uudetkin jumpparit \ud83d\ude42<\/p>\n","protected":false},"author":1,"featured_media":0,"parent":0,"menu_order":0,"comment_status":"closed","ping_status":"closed","template":"","meta":{"footnotes":""},"class_list":["post-24","page","type-page","status-publish","hentry"],"yoast_head":"<!-- This site is optimized with the Yoast SEO plugin v25.8 - https:\/\/yoast.com\/wordpress\/plugins\/seo\/ -->\n<title>Ajankohtaista: - ANV<\/title>\n<meta name=\"robots\" content=\"index, follow, max-snippet:-1, max-image-preview:large, max-video-preview:-1\" \/>\n<link rel=\"canonical\" href=\"https:\/\/anv.fi\/?page_id=24\" \/>\n<meta property=\"og:locale\" content=\"fi_FI\" \/>\n<meta property=\"og:type\" content=\"article\" \/>\n<meta property=\"og:title\" content=\"Ajankohtaista: - ANV\" \/>\n<meta property=\"og:description\" content=\"Syksyn treenit alkavat Anne-Marin tehotreenill\u00e4 ma 18.8. HUOM! Uudet k\u00e4vij\u00e4t voivat tulla testaamaan treenej\u00e4 maksutta ensimm\u00e4isen kerran. Tervetuloa niin vanhat kuin uudetkin jumpparit \ud83d\ude42\" \/>\n<meta property=\"og:url\" content=\"https:\/\/anv.fi\/?page_id=24\" \/>\n<meta property=\"og:site_name\" content=\"ANV\" \/>\n<meta property=\"article:publisher\" content=\"https:\/\/www.facebook.com\/alavudennaisvoimistelijat\" \/>\n<meta property=\"article:modified_time\" content=\"2025-08-03T08:20:40+00:00\" \/>\n<meta property=\"og:image\" content=\"https:\/\/anv.fi\/wp-content\/uploads\/2023\/11\/646C7E22-F91A-4C64-B443-6FC14EDF2BFB-1.png\" \/>\n\t<meta property=\"og:image:width\" content=\"1080\" \/>\n\t<meta property=\"og:image:height\" content=\"1080\" \/>\n\t<meta property=\"og:image:type\" content=\"image\/png\" \/>\n<meta name=\"twitter:card\" content=\"summary_large_image\" \/>\n<meta name=\"twitter:label1\" content=\"Arvioitu lukuaika\" \/>\n\t<meta name=\"twitter:data1\" content=\"1 minuutti\" \/>\n<script type=\"application\/ld+json\" class=\"yoast-schema-graph\">{\"@context\":\"https:\/\/schema.org\",\"@graph\":[{\"@type\":\"WebPage\",\"@id\":\"https:\/\/anv.fi\/?page_id=24\",\"url\":\"https:\/\/anv.fi\/?page_id=24\",\"name\":\"Ajankohtaista: - ANV\",\"isPartOf\":{\"@id\":\"https:\/\/anv.fi\/#website\"},\"primaryImageOfPage\":{\"@id\":\"https:\/\/anv.fi\/?page_id=24#primaryimage\"},\"image\":{\"@id\":\"https:\/\/anv.fi\/?page_id=24#primaryimage\"},\"thumbnailUrl\":\"https:\/\/anv.fi\/wp-content\/uploads\/2023\/11\/646C7E22-F91A-4C64-B443-6FC14EDF2BFB-1-1024x1024.png\",\"datePublished\":\"2023-11-17T07:42:44+00:00\",\"dateModified\":\"2025-08-03T08:20:40+00:00\",\"breadcrumb\":{\"@id\":\"https:\/\/anv.fi\/?page_id=24#breadcrumb\"},\"inLanguage\":\"fi\",\"potentialAction\":[{\"@type\":\"ReadAction\",\"target\":[\"https:\/\/anv.fi\/?page_id=24\"]}]},{\"@type\":\"ImageObject\",\"inLanguage\":\"fi\",\"@id\":\"https:\/\/anv.fi\/?page_id=24#primaryimage\",\"url\":\"https:\/\/anv.fi\/wp-content\/uploads\/2023\/11\/646C7E22-F91A-4C64-B443-6FC14EDF2BFB-1.png\",\"contentUrl\":\"https:\/\/anv.fi\/wp-content\/uploads\/2023\/11\/646C7E22-F91A-4C64-B443-6FC14EDF2BFB-1.png\",\"width\":1080,\"height\":1080},{\"@type\":\"BreadcrumbList\",\"@id\":\"https:\/\/anv.fi\/?page_id=24#breadcrumb\",\"itemListElement\":[{\"@type\":\"ListItem\",\"position\":1,\"name\":\"Etusivu\",\"item\":\"https:\/\/anv.fi\/\"},{\"@type\":\"ListItem\",\"position\":2,\"name\":\"Ajankohtaista:\"}]},{\"@type\":\"WebSite\",\"@id\":\"https:\/\/anv.fi\/#website\",\"url\":\"https:\/\/anv.fi\/\",\"name\":\"ANV\",\"description\":\"ANV verkkosivusto. Treenit maanantaisin ja keskiviikkoisin.\",\"publisher\":{\"@id\":\"https:\/\/anv.fi\/#organization\"},\"potentialAction\":[{\"@type\":\"SearchAction\",\"target\":{\"@type\":\"EntryPoint\",\"urlTemplate\":\"https:\/\/anv.fi\/?s={search_term_string}\"},\"query-input\":{\"@type\":\"PropertyValueSpecification\",\"valueRequired\":true,\"valueName\":\"search_term_string\"}}],\"inLanguage\":\"fi\"},{\"@type\":\"Organization\",\"@id\":\"https:\/\/anv.fi\/#organization\",\"name\":\"ANV\",\"url\":\"https:\/\/anv.fi\/\",\"logo\":{\"@type\":\"ImageObject\",\"inLanguage\":\"fi\",\"@id\":\"https:\/\/anv.fi\/#\/schema\/logo\/image\/\",\"url\":\"https:\/\/anv.fi\/wp-content\/uploads\/2023\/11\/Na\u0308ytto\u0308kuva-2023-1-4-kello-10.27.43-1024x730-1.png\",\"contentUrl\":\"https:\/\/anv.fi\/wp-content\/uploads\/2023\/11\/Na\u0308ytto\u0308kuva-2023-1-4-kello-10.27.43-1024x730-1.png\",\"width\":1024,\"height\":730,\"caption\":\"ANV\"},\"image\":{\"@id\":\"https:\/\/anv.fi\/#\/schema\/logo\/image\/\"},\"sameAs\":[\"https:\/\/www.facebook.com\/alavudennaisvoimistelijat\",\"https:\/\/www.instagram.com\/anv.alavus\/\"]}]}<\/script>\n<!-- \/ Yoast SEO plugin. -->","yoast_head_json":{"title":"Ajankohtaista: - ANV","robots":{"index":"index","follow":"follow","max-snippet":"max-snippet:-1","max-image-preview":"max-image-preview:large","max-video-preview":"max-video-preview:-1"},"canonical":"https:\/\/anv.fi\/?page_id=24","og_locale":"fi_FI","og_type":"article","og_title":"Ajankohtaista: - ANV","og_description":"Syksyn treenit alkavat Anne-Marin tehotreenill\u00e4 ma 18.8. HUOM! Uudet k\u00e4vij\u00e4t voivat tulla testaamaan treenej\u00e4 maksutta ensimm\u00e4isen kerran. Tervetuloa niin vanhat kuin uudetkin jumpparit \ud83d\ude42","og_url":"https:\/\/anv.fi\/?page_id=24","og_site_name":"ANV","article_publisher":"https:\/\/www.facebook.com\/alavudennaisvoimistelijat","article_modified_time":"2025-08-03T08:20:40+00:00","og_image":[{"width":1080,"height":1080,"url":"https:\/\/anv.fi\/wp-content\/uploads\/2023\/11\/646C7E22-F91A-4C64-B443-6FC14EDF2BFB-1.png","type":"image\/png"}],"twitter_card":"summary_large_image","twitter_misc":{"Arvioitu lukuaika":"1 minuutti"},"schema":{"@context":"https:\/\/schema.org","@graph":[{"@type":"WebPage","@id":"https:\/\/anv.fi\/?page_id=24","url":"https:\/\/anv.fi\/?page_id=24","name":"Ajankohtaista: - ANV","isPartOf":{"@id":"https:\/\/anv.fi\/#website"},"primaryImageOfPage":{"@id":"https:\/\/anv.fi\/?page_id=24#primaryimage"},"image":{"@id":"https:\/\/anv.fi\/?page_id=24#primaryimage"},"thumbnailUrl":"https:\/\/anv.fi\/wp-content\/uploads\/2023\/11\/646C7E22-F91A-4C64-B443-6FC14EDF2BFB-1-1024x1024.png","datePublished":"2023-11-17T07:42:44+00:00","dateModified":"2025-08-03T08:20:40+00:00","breadcrumb":{"@id":"https:\/\/anv.fi\/?page_id=24#breadcrumb"},"inLanguage":"fi","potentialAction":[{"@type":"ReadAction","target":["https:\/\/anv.fi\/?page_id=24"]}]},{"@type":"ImageObject","inLanguage":"fi","@id":"https:\/\/anv.fi\/?page_id=24#primaryimage","url":"https:\/\/anv.fi\/wp-content\/uploads\/2023\/11\/646C7E22-F91A-4C64-B443-6FC14EDF2BFB-1.png","contentUrl":"https:\/\/anv.fi\/wp-content\/uploads\/2023\/11\/646C7E22-F91A-4C64-B443-6FC14EDF2BFB-1.png","width":1080,"height":1080},{"@type":"BreadcrumbList","@id":"https:\/\/anv.fi\/?page_id=24#breadcrumb","itemListElement":[{"@type":"ListItem","position":1,"name":"Etusivu","item":"https:\/\/anv.fi\/"},{"@type":"ListItem","position":2,"name":"Ajankohtaista:"}]},{"@type":"WebSite","@id":"https:\/\/anv.fi\/#website","url":"https:\/\/anv.fi\/","name":"ANV","description":"ANV verkkosivusto. Treenit maanantaisin ja keskiviikkoisin.","publisher":{"@id":"https:\/\/anv.fi\/#organization"},"potentialAction":[{"@type":"SearchAction","target":{"@type":"EntryPoint","urlTemplate":"https:\/\/anv.fi\/?s={search_term_string}"},"query-input":{"@type":"PropertyValueSpecification","valueRequired":true,"valueName":"search_term_string"}}],"inLanguage":"fi"},{"@type":"Organization","@id":"https:\/\/anv.fi\/#organization","name":"ANV","url":"https:\/\/anv.fi\/","logo":{"@type":"ImageObject","inLanguage":"fi","@id":"https:\/\/anv.fi\/#\/schema\/logo\/image\/","url":"https:\/\/anv.fi\/wp-content\/uploads\/2023\/11\/Na\u0308ytto\u0308kuva-2023-1-4-kello-10.27.43-1024x730-1.png","contentUrl":"https:\/\/anv.fi\/wp-content\/uploads\/2023\/11\/Na\u0308ytto\u0308kuva-2023-1-4-kello-10.27.43-1024x730-1.png","width":1024,"height":730,"caption":"ANV"},"image":{"@id":"https:\/\/anv.fi\/#\/schema\/logo\/image\/"},"sameAs":["https:\/\/www.facebook.com\/alavudennaisvoimistelijat","https:\/\/www.instagram.com\/anv.alavus\/"]}]}},"_links":{"self":[{"href":"https:\/\/anv.fi\/index.php?rest_route=\/wp\/v2\/pages\/24","targetHints":{"allow":["GET"]}}],"collection":[{"href":"https:\/\/anv.fi\/index.php?rest_route=\/wp\/v2\/pages"}],"about":[{"href":"https:\/\/anv.fi\/index.php?rest_route=\/wp\/v2\/types\/page"}],"author":[{"embeddable":true,"href":"https:\/\/anv.fi\/index.php?rest_route=\/wp\/v2\/users\/1"}],"replies":[{"embeddable":true,"href":"https:\/\/anv.fi\/index.php?rest_route=%2Fwp%2Fv2%2Fcomments&post=24"}],"version-history":[{"count":16,"href":"https:\/\/anv.fi\/index.php?rest_route=\/wp\/v2\/pages\/24\/revisions"}],"predecessor-version":[{"id":115,"href":"https:\/\/anv.fi\/index.php?rest_route=\/wp\/v2\/pages\/24\/revisions\/115"}],"wp:attachment":[{"href":"https:\/\/anv.fi\/index.php?rest_route=%2Fwp%2Fv2%2Fmedia&parent=24"}],"curies":[{"name":"wp","href":"https:\/\/api.w.org\/{rel}","templated":true}]}}