{"id":26,"date":"2023-11-17T09:55:52","date_gmt":"2023-11-17T07:55:52","guid":{"rendered":"http:\/\/anv.fi\/?page_id=26"},"modified":"2025-08-03T11:05:29","modified_gmt":"2025-08-03T08:05:29","slug":"treenit","status":"publish","type":"page","link":"https:\/\/anv.fi\/?page_id=26","title":{"rendered":"Treenit"},"content":{"rendered":"\n<p>Kev\u00e4t 2025<\/p>\n\n\n\n<figure class=\"wp-block-table is-style-stripes\"><table><thead><tr><th>P\u00e4iv\u00e4<\/th><th>Klo<\/th><th>Laji<\/th><th>Paikka<\/th><th>Ohjaaja<\/th><th>Huom!<\/th><\/tr><\/thead><tbody><tr><td><strong>ma<\/strong><\/td><td>18-19<\/td><td>tehotreeni<\/td><td>Alavuden yl\u00e4koulun sali<\/td><td>Anne-Mari Takala<\/td><td>Ota oma alusta, juomapullo ja hikipyyhe mukaan!\u00a0<strong>ALKAA 18.8.<\/strong><\/td><\/tr><tr><td><strong>ke<\/strong><\/td><td>18-19<\/td><td>circuit-treeni<\/td><td>Alavuden yl\u00e4koulun sali<\/td><td>Henna Penttil\u00e4\/Liisa Kivist\u00f6<\/td><td>Ota oma alusta, juomapullo ja hikipyyhe mukaan!\u00a0<strong>ALKAA<\/strong> <strong>20.8.<\/strong><\/td><\/tr><\/tbody><\/table><\/figure>\n\n\n\n<p>Treenikausi on syyskaudella yleens\u00e4 vkot 34-50 (syysloma vko 42) ja kev\u00e4tkaudella vkot 2-18 (talviloma vko 9). N\u00e4in treenikertoja tulee 16+16. <\/p>\n\n\n\n<p><\/p>\n","protected":false},"excerpt":{"rendered":"<p>Kev\u00e4t 2025 P\u00e4iv\u00e4 Klo Laji Paikka Ohjaaja Huom! ma 18-19 tehotreeni Alavuden yl\u00e4koulun sali Anne-Mari Takala Ota oma alusta, juomapullo ja hikipyyhe mukaan!\u00a0ALKAA 18.8. ke 18-19 circuit-treeni Alavuden yl\u00e4koulun sali Henna Penttil\u00e4\/Liisa Kivist\u00f6 Ota oma alusta, juomapullo ja hikipyyhe mukaan!\u00a0ALKAA 20.8. Treenikausi on syyskaudella yleens\u00e4 vkot 34-50 (syysloma vko 42) ja kev\u00e4tkaudella vkot 2-18 (talviloma [&hellip;]<\/p>\n","protected":false},"author":1,"featured_media":0,"parent":0,"menu_order":0,"comment_status":"closed","ping_status":"closed","template":"","meta":{"footnotes":""},"class_list":["post-26","page","type-page","status-publish","hentry"],"yoast_head":"<!-- This site is optimized with the Yoast SEO plugin v25.8 - https:\/\/yoast.com\/wordpress\/plugins\/seo\/ -->\n<title>Treenit - ANV<\/title>\n<meta name=\"robots\" content=\"index, follow, max-snippet:-1, max-image-preview:large, max-video-preview:-1\" \/>\n<link rel=\"canonical\" href=\"https:\/\/anv.fi\/?page_id=26\" \/>\n<meta property=\"og:locale\" content=\"fi_FI\" \/>\n<meta property=\"og:type\" content=\"article\" \/>\n<meta property=\"og:title\" content=\"Treenit - ANV\" \/>\n<meta property=\"og:description\" content=\"Kev\u00e4t 2025 P\u00e4iv\u00e4 Klo Laji Paikka Ohjaaja Huom! ma 18-19 tehotreeni Alavuden yl\u00e4koulun sali Anne-Mari Takala Ota oma alusta, juomapullo ja hikipyyhe mukaan!\u00a0ALKAA 18.8. ke 18-19 circuit-treeni Alavuden yl\u00e4koulun sali Henna Penttil\u00e4\/Liisa Kivist\u00f6 Ota oma alusta, juomapullo ja hikipyyhe mukaan!\u00a0ALKAA 20.8. Treenikausi on syyskaudella yleens\u00e4 vkot 34-50 (syysloma vko 42) ja kev\u00e4tkaudella vkot 2-18 (talviloma [&hellip;]\" \/>\n<meta property=\"og:url\" content=\"https:\/\/anv.fi\/?page_id=26\" \/>\n<meta property=\"og:site_name\" content=\"ANV\" \/>\n<meta property=\"article:publisher\" content=\"https:\/\/www.facebook.com\/alavudennaisvoimistelijat\" \/>\n<meta property=\"article:modified_time\" content=\"2025-08-03T08:05:29+00:00\" \/>\n<meta name=\"twitter:card\" content=\"summary_large_image\" \/>\n<meta name=\"twitter:label1\" content=\"Arvioitu lukuaika\" \/>\n\t<meta name=\"twitter:data1\" content=\"1 minuutti\" \/>\n<script type=\"application\/ld+json\" class=\"yoast-schema-graph\">{\"@context\":\"https:\/\/schema.org\",\"@graph\":[{\"@type\":\"WebPage\",\"@id\":\"https:\/\/anv.fi\/?page_id=26\",\"url\":\"https:\/\/anv.fi\/?page_id=26\",\"name\":\"Treenit - ANV\",\"isPartOf\":{\"@id\":\"https:\/\/anv.fi\/#website\"},\"datePublished\":\"2023-11-17T07:55:52+00:00\",\"dateModified\":\"2025-08-03T08:05:29+00:00\",\"breadcrumb\":{\"@id\":\"https:\/\/anv.fi\/?page_id=26#breadcrumb\"},\"inLanguage\":\"fi\",\"potentialAction\":[{\"@type\":\"ReadAction\",\"target\":[\"https:\/\/anv.fi\/?page_id=26\"]}]},{\"@type\":\"BreadcrumbList\",\"@id\":\"https:\/\/anv.fi\/?page_id=26#breadcrumb\",\"itemListElement\":[{\"@type\":\"ListItem\",\"position\":1,\"name\":\"Etusivu\",\"item\":\"https:\/\/anv.fi\/\"},{\"@type\":\"ListItem\",\"position\":2,\"name\":\"Treenit\"}]},{\"@type\":\"WebSite\",\"@id\":\"https:\/\/anv.fi\/#website\",\"url\":\"https:\/\/anv.fi\/\",\"name\":\"ANV\",\"description\":\"ANV verkkosivusto. Treenit maanantaisin ja keskiviikkoisin.\",\"publisher\":{\"@id\":\"https:\/\/anv.fi\/#organization\"},\"potentialAction\":[{\"@type\":\"SearchAction\",\"target\":{\"@type\":\"EntryPoint\",\"urlTemplate\":\"https:\/\/anv.fi\/?s={search_term_string}\"},\"query-input\":{\"@type\":\"PropertyValueSpecification\",\"valueRequired\":true,\"valueName\":\"search_term_string\"}}],\"inLanguage\":\"fi\"},{\"@type\":\"Organization\",\"@id\":\"https:\/\/anv.fi\/#organization\",\"name\":\"ANV\",\"url\":\"https:\/\/anv.fi\/\",\"logo\":{\"@type\":\"ImageObject\",\"inLanguage\":\"fi\",\"@id\":\"https:\/\/anv.fi\/#\/schema\/logo\/image\/\",\"url\":\"https:\/\/anv.fi\/wp-content\/uploads\/2023\/11\/Na\u0308ytto\u0308kuva-2023-1-4-kello-10.27.43-1024x730-1.png\",\"contentUrl\":\"https:\/\/anv.fi\/wp-content\/uploads\/2023\/11\/Na\u0308ytto\u0308kuva-2023-1-4-kello-10.27.43-1024x730-1.png\",\"width\":1024,\"height\":730,\"caption\":\"ANV\"},\"image\":{\"@id\":\"https:\/\/anv.fi\/#\/schema\/logo\/image\/\"},\"sameAs\":[\"https:\/\/www.facebook.com\/alavudennaisvoimistelijat\",\"https:\/\/www.instagram.com\/anv.alavus\/\"]}]}<\/script>\n<!-- \/ Yoast SEO plugin. -->","yoast_head_json":{"title":"Treenit - ANV","robots":{"index":"index","follow":"follow","max-snippet":"max-snippet:-1","max-image-preview":"max-image-preview:large","max-video-preview":"max-video-preview:-1"},"canonical":"https:\/\/anv.fi\/?page_id=26","og_locale":"fi_FI","og_type":"article","og_title":"Treenit - ANV","og_description":"Kev\u00e4t 2025 P\u00e4iv\u00e4 Klo Laji Paikka Ohjaaja Huom! ma 18-19 tehotreeni Alavuden yl\u00e4koulun sali Anne-Mari Takala Ota oma alusta, juomapullo ja hikipyyhe mukaan!\u00a0ALKAA 18.8. ke 18-19 circuit-treeni Alavuden yl\u00e4koulun sali Henna Penttil\u00e4\/Liisa Kivist\u00f6 Ota oma alusta, juomapullo ja hikipyyhe mukaan!\u00a0ALKAA 20.8. Treenikausi on syyskaudella yleens\u00e4 vkot 34-50 (syysloma vko 42) ja kev\u00e4tkaudella vkot 2-18 (talviloma [&hellip;]","og_url":"https:\/\/anv.fi\/?page_id=26","og_site_name":"ANV","article_publisher":"https:\/\/www.facebook.com\/alavudennaisvoimistelijat","article_modified_time":"2025-08-03T08:05:29+00:00","twitter_card":"summary_large_image","twitter_misc":{"Arvioitu lukuaika":"1 minuutti"},"schema":{"@context":"https:\/\/schema.org","@graph":[{"@type":"WebPage","@id":"https:\/\/anv.fi\/?page_id=26","url":"https:\/\/anv.fi\/?page_id=26","name":"Treenit - ANV","isPartOf":{"@id":"https:\/\/anv.fi\/#website"},"datePublished":"2023-11-17T07:55:52+00:00","dateModified":"2025-08-03T08:05:29+00:00","breadcrumb":{"@id":"https:\/\/anv.fi\/?page_id=26#breadcrumb"},"inLanguage":"fi","potentialAction":[{"@type":"ReadAction","target":["https:\/\/anv.fi\/?page_id=26"]}]},{"@type":"BreadcrumbList","@id":"https:\/\/anv.fi\/?page_id=26#breadcrumb","itemListElement":[{"@type":"ListItem","position":1,"name":"Etusivu","item":"https:\/\/anv.fi\/"},{"@type":"ListItem","position":2,"name":"Treenit"}]},{"@type":"WebSite","@id":"https:\/\/anv.fi\/#website","url":"https:\/\/anv.fi\/","name":"ANV","description":"ANV verkkosivusto. Treenit maanantaisin ja keskiviikkoisin.","publisher":{"@id":"https:\/\/anv.fi\/#organization"},"potentialAction":[{"@type":"SearchAction","target":{"@type":"EntryPoint","urlTemplate":"https:\/\/anv.fi\/?s={search_term_string}"},"query-input":{"@type":"PropertyValueSpecification","valueRequired":true,"valueName":"search_term_string"}}],"inLanguage":"fi"},{"@type":"Organization","@id":"https:\/\/anv.fi\/#organization","name":"ANV","url":"https:\/\/anv.fi\/","logo":{"@type":"ImageObject","inLanguage":"fi","@id":"https:\/\/anv.fi\/#\/schema\/logo\/image\/","url":"https:\/\/anv.fi\/wp-content\/uploads\/2023\/11\/Na\u0308ytto\u0308kuva-2023-1-4-kello-10.27.43-1024x730-1.png","contentUrl":"https:\/\/anv.fi\/wp-content\/uploads\/2023\/11\/Na\u0308ytto\u0308kuva-2023-1-4-kello-10.27.43-1024x730-1.png","width":1024,"height":730,"caption":"ANV"},"image":{"@id":"https:\/\/anv.fi\/#\/schema\/logo\/image\/"},"sameAs":["https:\/\/www.facebook.com\/alavudennaisvoimistelijat","https:\/\/www.instagram.com\/anv.alavus\/"]}]}},"_links":{"self":[{"href":"https:\/\/anv.fi\/index.php?rest_route=\/wp\/v2\/pages\/26","targetHints":{"allow":["GET"]}}],"collection":[{"href":"https:\/\/anv.fi\/index.php?rest_route=\/wp\/v2\/pages"}],"about":[{"href":"https:\/\/anv.fi\/index.php?rest_route=\/wp\/v2\/types\/page"}],"author":[{"embeddable":true,"href":"https:\/\/anv.fi\/index.php?rest_route=\/wp\/v2\/users\/1"}],"replies":[{"embeddable":true,"href":"https:\/\/anv.fi\/index.php?rest_route=%2Fwp%2Fv2%2Fcomments&post=26"}],"version-history":[{"count":7,"href":"https:\/\/anv.fi\/index.php?rest_route=\/wp\/v2\/pages\/26\/revisions"}],"predecessor-version":[{"id":110,"href":"https:\/\/anv.fi\/index.php?rest_route=\/wp\/v2\/pages\/26\/revisions\/110"}],"wp:attachment":[{"href":"https:\/\/anv.fi\/index.php?rest_route=%2Fwp%2Fv2%2Fmedia&parent=26"}],"curies":[{"name":"wp","href":"https:\/\/api.w.org\/{rel}","templated":true}]}}