{"id":28,"date":"2023-11-17T09:56:29","date_gmt":"2023-11-17T07:56:29","guid":{"rendered":"http:\/\/anv.fi\/?page_id=28"},"modified":"2025-08-03T11:19:34","modified_gmt":"2025-08-03T08:19:34","slug":"treenisisallot","status":"publish","type":"page","link":"https:\/\/anv.fi\/?page_id=28","title":{"rendered":"Treenisis\u00e4ll\u00f6t"},"content":{"rendered":"\n<h2 class=\"wp-block-heading\">Tehotreeni<\/h2>\n\n\n\n<p>Helppo, mutta eritt\u00e4in tehokas tunti, jossa harjoitetaan sek\u00e4 kest\u00e4vyytt\u00e4 ett\u00e4 voimaa. Alussa her\u00e4tell\u00e4\u00e4n kroppa tulevaan treeniin muutamalla l\u00e4mp\u00f6\u00e4 ja mielt\u00e4 nostattavalla l\u00e4mpp\u00e4biisill\u00e4.\u00a0Varsinaisessa treeniosiossa tehd\u00e4\u00e4n liikepattereita, joita voi helposti muunnella oman kunnon mukaan. Tehotreeniss\u00e4 v\u00e4lill\u00e4 loikitaan ja\u00a0hypit\u00e4\u00e4n sek\u00e4 k\u00e4ytet\u00e4\u00e4n lis\u00e4painoja, mutta halutessasi voit j\u00e4tt\u00e4\u00e4 loikat, hypyt ja lis\u00e4painot pois. Tunnin tavoitteena on my\u00f6s kuormittaa nivelrakenteita ja luustoa sek\u00e4 kohentaa motorisia taitoja. Treeni\u00e4 tehd\u00e4\u00e4n tosissaan, muttei tosikkona :). Ota mukaan jumppa-alusta, juomapullo sek\u00e4 hikipyyhe.<\/p>\n\n\n\n<p>Vet\u00e4j\u00e4: Anne-Mari Takala<\/p>\n\n\n\n<h2 class=\"wp-block-heading\">Circuit -treeni<\/h2>\n\n\n\n<p>Monipuolinen koko kehon kiertoharjoittelutreeni, jossa voi treenata painojen kanssa tai ilman.&nbsp; Tunti alkaa yhteisell\u00e4 koko kehon l\u00e4mmittelyll\u00e4. Treenin aikana liikutaan harjoittelupaikalta toiselle. Yht\u00e4 liikett\u00e4 tehd\u00e4\u00e4n 30-40 sek. ja kierroksia on 2-3.&nbsp; Tunti sopii kaikille, sill\u00e4 harjoitus on aina sovitettavissa oman tason mukaiseksi. Hikitakuu!<\/p>\n\n\n\n<p>Vet\u00e4j\u00e4: Henna Penttil\u00e4<\/p>\n\n\n\n<h2 class=\"wp-block-heading\">Tabata (ei ohjelmassa t\u00e4ll\u00e4 hetkell\u00e4)<\/h2>\n\n\n\n<p>TABATA on tehokas treeni,<br>jossa valitaan yksi liike, jota tehd\u00e4\u00e4n t\u00e4ydell\u00e4 teholla, oman kuntotason mukaan &nbsp;8 x 20 sekuntia.<br>V\u00e4liss\u00e4 on 10 sekunnin tauko.<br>Liikett\u00e4 tehd\u00e4\u00e4n niin tehokkaasti kuin vaan pystyy ja tauko k\u00e4ytet\u00e4\u00e4n sykkeen ja hengityksen tasaamiseen.<br>Koska yht\u00e4 liikett\u00e4 harjoitetaan vain 4 minuuttia, ei treeniin p\u00e4\u00e4se kyll\u00e4stym\u00e4\u00e4n!)<\/p>\n","protected":false},"excerpt":{"rendered":"<p>Tehotreeni Helppo, mutta eritt\u00e4in tehokas tunti, jossa harjoitetaan sek\u00e4 kest\u00e4vyytt\u00e4 ett\u00e4 voimaa. Alussa her\u00e4tell\u00e4\u00e4n kroppa tulevaan treeniin muutamalla l\u00e4mp\u00f6\u00e4 ja mielt\u00e4 nostattavalla l\u00e4mpp\u00e4biisill\u00e4.\u00a0Varsinaisessa treeniosiossa tehd\u00e4\u00e4n liikepattereita, joita voi helposti muunnella oman kunnon mukaan. Tehotreeniss\u00e4 v\u00e4lill\u00e4 loikitaan ja\u00a0hypit\u00e4\u00e4n sek\u00e4 k\u00e4ytet\u00e4\u00e4n lis\u00e4painoja, mutta halutessasi voit j\u00e4tt\u00e4\u00e4 loikat, hypyt ja lis\u00e4painot pois. Tunnin tavoitteena on my\u00f6s kuormittaa nivelrakenteita [&hellip;]<\/p>\n","protected":false},"author":1,"featured_media":0,"parent":0,"menu_order":0,"comment_status":"closed","ping_status":"closed","template":"","meta":{"footnotes":""},"class_list":["post-28","page","type-page","status-publish","hentry"],"yoast_head":"<!-- This site is optimized with the Yoast SEO plugin v25.8 - https:\/\/yoast.com\/wordpress\/plugins\/seo\/ -->\n<title>Treenisis\u00e4ll\u00f6t - ANV<\/title>\n<meta name=\"robots\" content=\"index, follow, max-snippet:-1, max-image-preview:large, max-video-preview:-1\" \/>\n<link rel=\"canonical\" href=\"https:\/\/anv.fi\/?page_id=28\" \/>\n<meta property=\"og:locale\" content=\"fi_FI\" \/>\n<meta property=\"og:type\" content=\"article\" \/>\n<meta property=\"og:title\" content=\"Treenisis\u00e4ll\u00f6t - ANV\" \/>\n<meta property=\"og:description\" content=\"Tehotreeni Helppo, mutta eritt\u00e4in tehokas tunti, jossa harjoitetaan sek\u00e4 kest\u00e4vyytt\u00e4 ett\u00e4 voimaa. Alussa her\u00e4tell\u00e4\u00e4n kroppa tulevaan treeniin muutamalla l\u00e4mp\u00f6\u00e4 ja mielt\u00e4 nostattavalla l\u00e4mpp\u00e4biisill\u00e4.\u00a0Varsinaisessa treeniosiossa tehd\u00e4\u00e4n liikepattereita, joita voi helposti muunnella oman kunnon mukaan. Tehotreeniss\u00e4 v\u00e4lill\u00e4 loikitaan ja\u00a0hypit\u00e4\u00e4n sek\u00e4 k\u00e4ytet\u00e4\u00e4n lis\u00e4painoja, mutta halutessasi voit j\u00e4tt\u00e4\u00e4 loikat, hypyt ja lis\u00e4painot pois. Tunnin tavoitteena on my\u00f6s kuormittaa nivelrakenteita [&hellip;]\" \/>\n<meta property=\"og:url\" content=\"https:\/\/anv.fi\/?page_id=28\" \/>\n<meta property=\"og:site_name\" content=\"ANV\" \/>\n<meta property=\"article:publisher\" content=\"https:\/\/www.facebook.com\/alavudennaisvoimistelijat\" \/>\n<meta property=\"article:modified_time\" content=\"2025-08-03T08:19:34+00:00\" \/>\n<meta name=\"twitter:card\" content=\"summary_large_image\" \/>\n<meta name=\"twitter:label1\" content=\"Arvioitu lukuaika\" \/>\n\t<meta name=\"twitter:data1\" content=\"2 minuuttia\" \/>\n<script type=\"application\/ld+json\" class=\"yoast-schema-graph\">{\"@context\":\"https:\/\/schema.org\",\"@graph\":[{\"@type\":\"WebPage\",\"@id\":\"https:\/\/anv.fi\/?page_id=28\",\"url\":\"https:\/\/anv.fi\/?page_id=28\",\"name\":\"Treenisis\u00e4ll\u00f6t - ANV\",\"isPartOf\":{\"@id\":\"https:\/\/anv.fi\/#website\"},\"datePublished\":\"2023-11-17T07:56:29+00:00\",\"dateModified\":\"2025-08-03T08:19:34+00:00\",\"breadcrumb\":{\"@id\":\"https:\/\/anv.fi\/?page_id=28#breadcrumb\"},\"inLanguage\":\"fi\",\"potentialAction\":[{\"@type\":\"ReadAction\",\"target\":[\"https:\/\/anv.fi\/?page_id=28\"]}]},{\"@type\":\"BreadcrumbList\",\"@id\":\"https:\/\/anv.fi\/?page_id=28#breadcrumb\",\"itemListElement\":[{\"@type\":\"ListItem\",\"position\":1,\"name\":\"Etusivu\",\"item\":\"https:\/\/anv.fi\/\"},{\"@type\":\"ListItem\",\"position\":2,\"name\":\"Treenisis\u00e4ll\u00f6t\"}]},{\"@type\":\"WebSite\",\"@id\":\"https:\/\/anv.fi\/#website\",\"url\":\"https:\/\/anv.fi\/\",\"name\":\"ANV\",\"description\":\"ANV verkkosivusto. Treenit maanantaisin ja keskiviikkoisin.\",\"publisher\":{\"@id\":\"https:\/\/anv.fi\/#organization\"},\"potentialAction\":[{\"@type\":\"SearchAction\",\"target\":{\"@type\":\"EntryPoint\",\"urlTemplate\":\"https:\/\/anv.fi\/?s={search_term_string}\"},\"query-input\":{\"@type\":\"PropertyValueSpecification\",\"valueRequired\":true,\"valueName\":\"search_term_string\"}}],\"inLanguage\":\"fi\"},{\"@type\":\"Organization\",\"@id\":\"https:\/\/anv.fi\/#organization\",\"name\":\"ANV\",\"url\":\"https:\/\/anv.fi\/\",\"logo\":{\"@type\":\"ImageObject\",\"inLanguage\":\"fi\",\"@id\":\"https:\/\/anv.fi\/#\/schema\/logo\/image\/\",\"url\":\"https:\/\/anv.fi\/wp-content\/uploads\/2023\/11\/Na\u0308ytto\u0308kuva-2023-1-4-kello-10.27.43-1024x730-1.png\",\"contentUrl\":\"https:\/\/anv.fi\/wp-content\/uploads\/2023\/11\/Na\u0308ytto\u0308kuva-2023-1-4-kello-10.27.43-1024x730-1.png\",\"width\":1024,\"height\":730,\"caption\":\"ANV\"},\"image\":{\"@id\":\"https:\/\/anv.fi\/#\/schema\/logo\/image\/\"},\"sameAs\":[\"https:\/\/www.facebook.com\/alavudennaisvoimistelijat\",\"https:\/\/www.instagram.com\/anv.alavus\/\"]}]}<\/script>\n<!-- \/ Yoast SEO plugin. -->","yoast_head_json":{"title":"Treenisis\u00e4ll\u00f6t - ANV","robots":{"index":"index","follow":"follow","max-snippet":"max-snippet:-1","max-image-preview":"max-image-preview:large","max-video-preview":"max-video-preview:-1"},"canonical":"https:\/\/anv.fi\/?page_id=28","og_locale":"fi_FI","og_type":"article","og_title":"Treenisis\u00e4ll\u00f6t - ANV","og_description":"Tehotreeni Helppo, mutta eritt\u00e4in tehokas tunti, jossa harjoitetaan sek\u00e4 kest\u00e4vyytt\u00e4 ett\u00e4 voimaa. Alussa her\u00e4tell\u00e4\u00e4n kroppa tulevaan treeniin muutamalla l\u00e4mp\u00f6\u00e4 ja mielt\u00e4 nostattavalla l\u00e4mpp\u00e4biisill\u00e4.\u00a0Varsinaisessa treeniosiossa tehd\u00e4\u00e4n liikepattereita, joita voi helposti muunnella oman kunnon mukaan. Tehotreeniss\u00e4 v\u00e4lill\u00e4 loikitaan ja\u00a0hypit\u00e4\u00e4n sek\u00e4 k\u00e4ytet\u00e4\u00e4n lis\u00e4painoja, mutta halutessasi voit j\u00e4tt\u00e4\u00e4 loikat, hypyt ja lis\u00e4painot pois. Tunnin tavoitteena on my\u00f6s kuormittaa nivelrakenteita [&hellip;]","og_url":"https:\/\/anv.fi\/?page_id=28","og_site_name":"ANV","article_publisher":"https:\/\/www.facebook.com\/alavudennaisvoimistelijat","article_modified_time":"2025-08-03T08:19:34+00:00","twitter_card":"summary_large_image","twitter_misc":{"Arvioitu lukuaika":"2 minuuttia"},"schema":{"@context":"https:\/\/schema.org","@graph":[{"@type":"WebPage","@id":"https:\/\/anv.fi\/?page_id=28","url":"https:\/\/anv.fi\/?page_id=28","name":"Treenisis\u00e4ll\u00f6t - ANV","isPartOf":{"@id":"https:\/\/anv.fi\/#website"},"datePublished":"2023-11-17T07:56:29+00:00","dateModified":"2025-08-03T08:19:34+00:00","breadcrumb":{"@id":"https:\/\/anv.fi\/?page_id=28#breadcrumb"},"inLanguage":"fi","potentialAction":[{"@type":"ReadAction","target":["https:\/\/anv.fi\/?page_id=28"]}]},{"@type":"BreadcrumbList","@id":"https:\/\/anv.fi\/?page_id=28#breadcrumb","itemListElement":[{"@type":"ListItem","position":1,"name":"Etusivu","item":"https:\/\/anv.fi\/"},{"@type":"ListItem","position":2,"name":"Treenisis\u00e4ll\u00f6t"}]},{"@type":"WebSite","@id":"https:\/\/anv.fi\/#website","url":"https:\/\/anv.fi\/","name":"ANV","description":"ANV verkkosivusto. Treenit maanantaisin ja keskiviikkoisin.","publisher":{"@id":"https:\/\/anv.fi\/#organization"},"potentialAction":[{"@type":"SearchAction","target":{"@type":"EntryPoint","urlTemplate":"https:\/\/anv.fi\/?s={search_term_string}"},"query-input":{"@type":"PropertyValueSpecification","valueRequired":true,"valueName":"search_term_string"}}],"inLanguage":"fi"},{"@type":"Organization","@id":"https:\/\/anv.fi\/#organization","name":"ANV","url":"https:\/\/anv.fi\/","logo":{"@type":"ImageObject","inLanguage":"fi","@id":"https:\/\/anv.fi\/#\/schema\/logo\/image\/","url":"https:\/\/anv.fi\/wp-content\/uploads\/2023\/11\/Na\u0308ytto\u0308kuva-2023-1-4-kello-10.27.43-1024x730-1.png","contentUrl":"https:\/\/anv.fi\/wp-content\/uploads\/2023\/11\/Na\u0308ytto\u0308kuva-2023-1-4-kello-10.27.43-1024x730-1.png","width":1024,"height":730,"caption":"ANV"},"image":{"@id":"https:\/\/anv.fi\/#\/schema\/logo\/image\/"},"sameAs":["https:\/\/www.facebook.com\/alavudennaisvoimistelijat","https:\/\/www.instagram.com\/anv.alavus\/"]}]}},"_links":{"self":[{"href":"https:\/\/anv.fi\/index.php?rest_route=\/wp\/v2\/pages\/28","targetHints":{"allow":["GET"]}}],"collection":[{"href":"https:\/\/anv.fi\/index.php?rest_route=\/wp\/v2\/pages"}],"about":[{"href":"https:\/\/anv.fi\/index.php?rest_route=\/wp\/v2\/types\/page"}],"author":[{"embeddable":true,"href":"https:\/\/anv.fi\/index.php?rest_route=\/wp\/v2\/users\/1"}],"replies":[{"embeddable":true,"href":"https:\/\/anv.fi\/index.php?rest_route=%2Fwp%2Fv2%2Fcomments&post=28"}],"version-history":[{"count":2,"href":"https:\/\/anv.fi\/index.php?rest_route=\/wp\/v2\/pages\/28\/revisions"}],"predecessor-version":[{"id":114,"href":"https:\/\/anv.fi\/index.php?rest_route=\/wp\/v2\/pages\/28\/revisions\/114"}],"wp:attachment":[{"href":"https:\/\/anv.fi\/index.php?rest_route=%2Fwp%2Fv2%2Fmedia&parent=28"}],"curies":[{"name":"wp","href":"https:\/\/api.w.org\/{rel}","templated":true}]}}