{"id":33,"date":"2023-11-17T10:28:21","date_gmt":"2023-11-17T08:28:21","guid":{"rendered":"http:\/\/anv.fi\/?page_id=33"},"modified":"2025-08-03T11:15:34","modified_gmt":"2025-08-03T08:15:34","slug":"jasenmaksut","status":"publish","type":"page","link":"https:\/\/anv.fi\/?page_id=33","title":{"rendered":"J\u00e4senmaksut"},"content":{"rendered":"\n<p>\u00a0<strong>Kauden 2025-2026 j\u00e4senmaksut<\/strong><\/p>\n\n\n\n<ul class=\"wp-block-list\">\n<li>Ma ja Ke -treenien j\u00e4senmaksu maksetaan joko kaksi kertaa vuodessa&nbsp;<strong>(80\u20ac)&nbsp;<\/strong>, syksyll\u00e4 kauden alkaessa ja tammikuussa kev\u00e4tkauden alkaessa&nbsp;<strong>TAI<\/strong>&nbsp;kerralla koko kaudeksi&nbsp;<strong>(150\u20ac)<\/strong>.<\/li>\n\n\n\n<li>My\u00f6s&nbsp;<strong>5\u20ac kertamaksulla<\/strong>&nbsp;on mahdollista osallistua ma ja ke -jumppiin.&nbsp;Suorita maksu\/n\u00e4yt\u00e4 mobiilimaksu jollekin ANV:n hallituksen j\u00e4senelle ennen jumpan alkua.<\/li>\n<\/ul>\n\n\n\n<ul class=\"wp-block-list\">\n<li>Koko kausi 150 \u20ac<\/li>\n\n\n\n<li>Syksy\/kev\u00e4t 80 \u20ac<\/li>\n\n\n\n<li>Kertamaksu 5 \u20ac<\/li>\n<\/ul>\n\n\n\n<p>J\u00e4senmaksut maksetaan tilille \u00a0FI2941080010713801. Muista laittaa viitteeksi oma nimesi. \u00a0<\/p>\n\n\n\n<p>HUOM! J\u00e4senmaksu ei sis\u00e4ll\u00e4 tapaturmavakuutusta.<\/p>\n\n\n\n<p>MAKSUKSI K\u00c4YV\u00c4T SMARTUMIN ja TYKY- KUNTOSETELIT sek\u00e4 EPASSI.<\/p>\n\n\n\n<p><strong>Infoa ePassilla maksaville:<\/strong><\/p>\n\n\n\n<p><em>Maksut voi suorittaa<\/em><\/p>\n\n\n\n<p><em>a) puhelimeen saatavan&nbsp;<strong>mobiilisovelluksen<\/strong><\/em><\/p>\n\n\n\n<p><em>b) puhelimen&nbsp;<strong>tekstiviestitoiminnon<\/strong><\/em><\/p>\n\n\n\n<p><em>c)&nbsp;<strong>verkkomaksun<\/strong>&nbsp;kautta.<\/em><\/p>\n\n\n\n<p><em>EPassilla voit maksaa sek\u00e4 j\u00e4senmaksut &nbsp;ett\u00e4 kertamaksut. Kertamaksu t\u00e4ytyy maksaa samana p\u00e4iv\u00e4n\u00e4, kun aikoo ryhm\u00e4liikuntaan osallistua (ei siis esim. p\u00e4iv\u00e4\u00e4 aikaisemmin). Maksusuoritus tulee n\u00e4ytt\u00e4\u00e4 puhelimesta jollekin johtokunnan j\u00e4senist\u00e4.<\/em><\/p>\n\n\n\n<p><strong>Ohjeet mobiilisovelluksella maksaville:<\/strong><\/p>\n\n\n\n<ol class=\"wp-block-list\">\n<li>Hae toimipiste (Alavuden naisvoimistelijat), klikkaa&nbsp;lis\u00e4\u00e4<\/li>\n\n\n\n<li>Klikkaa&nbsp;maksa<\/li>\n\n\n\n<li>Valitse maksu&nbsp;eri vaihtoehdoista.<\/li>\n\n\n\n<li>Suorita maksu.<\/li>\n\n\n\n<li>Suoritetut maksut tallentuvat ePassi-palveluun, josta ne sitten voit n\u00e4ytt\u00e4\u00e4 ennen jumpan alkua.<\/li>\n<\/ol>\n\n\n\n<p><strong>Ohjeet tekstiviestill\u00e4 maksavalle:<\/strong><\/p>\n\n\n\n<ol class=\"wp-block-list\">\n<li>L\u00e4het\u00e4 ePassin palvelutunnuksemme ja palvelun hinta esim. 43288 &nbsp;5.00 numeroon &nbsp;<em><strong>050 90 23456<\/strong>.<\/em>\n<ul class=\"wp-block-list\">\n<li>14646 = 150\u20ac<\/li>\n\n\n\n<li>43287 = 80\u20ac<\/li>\n\n\n\n<li>43288 = 5\u20ac &nbsp;<\/li>\n<\/ul>\n<\/li>\n\n\n\n<li>Paluuviestin tekstiviesti toimii saman sis\u00e4lt\u00f6isen\u00e4 kuittina kuin sovelluksen kuitti.<\/li>\n<\/ol>\n\n\n\n<p><strong>Ohjeet verkkomaksulla maksaville.<\/strong><\/p>\n\n\n\n<ol class=\"wp-block-list\">\n<li>Kirjaudu sis\u00e4\u00e4n omilla tunnuksillasi&nbsp;<a href=\"http:\/\/www.epassi.fi\/\" target=\"_blank\" rel=\"noreferrer noopener\">www.epassi.fi<\/a>&nbsp;-sivulla.<\/li>\n\n\n\n<li>Valitse verkkomaksut.<\/li>\n\n\n\n<li>Aloita kirjoittamalla valikkoon Alavuden Naisvoimistelijat. Kun<br>j\u00e4rjestelm\u00e4 l\u00f6yt\u00e4\u00e4 sen, valitse toimipiste ja paina &#8221;seuraava&#8221;.<\/li>\n\n\n\n<li>Kirjoita summa euroissa.<\/li>\n\n\n\n<li>Kirjoita palvelunkuvaukseen laskun viite tai mit\u00e4 maksu koskee.<\/li>\n\n\n\n<li>Paina maksa.<\/li>\n\n\n\n<li>Allekirjoita s\u00e4hk\u00f6postin saamasi seteli ja tuo se tositteena maksusta.<\/li>\n<\/ol>\n\n\n\n<div class=\"wp-block-columns is-layout-flex wp-container-core-columns-is-layout-28f84493 wp-block-columns-is-layout-flex\">\n<div class=\"wp-block-column is-layout-flow wp-block-column-is-layout-flow\" style=\"flex-basis:100%\">\n<figure class=\"wp-block-image size-full is-resized\"><img loading=\"lazy\" decoding=\"async\" width=\"290\" height=\"174\" src=\"http:\/\/anv.fi\/wp-content\/uploads\/2023\/11\/epassi.jpg\" alt=\"\" class=\"wp-image-34\" style=\"width:295px;height:auto\"\/><\/figure>\n<\/div>\n\n\n\n<div class=\"wp-block-column is-layout-flow wp-block-column-is-layout-flow\" style=\"flex-basis:100%\">\n<figure class=\"wp-block-image size-full\"><img loading=\"lazy\" decoding=\"async\" width=\"225\" height=\"225\" src=\"http:\/\/anv.fi\/wp-content\/uploads\/2023\/11\/epassi2.png\" alt=\"\" class=\"wp-image-38\" srcset=\"https:\/\/anv.fi\/wp-content\/uploads\/2023\/11\/epassi2.png 225w, https:\/\/anv.fi\/wp-content\/uploads\/2023\/11\/epassi2-150x150.png 150w\" sizes=\"auto, (max-width: 225px) 100vw, 225px\" \/><\/figure>\n<\/div>\n<\/div>\n\n\n\n<figure class=\"wp-block-image size-full\"><img loading=\"lazy\" decoding=\"async\" width=\"728\" height=\"90\" src=\"http:\/\/anv.fi\/wp-content\/uploads\/2023\/11\/tyky.png\" alt=\"\" class=\"wp-image-35\" srcset=\"https:\/\/anv.fi\/wp-content\/uploads\/2023\/11\/tyky.png 728w, https:\/\/anv.fi\/wp-content\/uploads\/2023\/11\/tyky-300x37.png 300w\" sizes=\"auto, (max-width: 728px) 100vw, 728px\" \/><\/figure>\n","protected":false},"excerpt":{"rendered":"<p>\u00a0Kauden 2025-2026 j\u00e4senmaksut J\u00e4senmaksut maksetaan tilille \u00a0FI2941080010713801. Muista laittaa viitteeksi oma nimesi. \u00a0 HUOM! J\u00e4senmaksu ei sis\u00e4ll\u00e4 tapaturmavakuutusta. MAKSUKSI K\u00c4YV\u00c4T SMARTUMIN ja TYKY- KUNTOSETELIT sek\u00e4 EPASSI. Infoa ePassilla maksaville: Maksut voi suorittaa a) puhelimeen saatavan&nbsp;mobiilisovelluksen b) puhelimen&nbsp;tekstiviestitoiminnon c)&nbsp;verkkomaksun&nbsp;kautta. EPassilla voit maksaa sek\u00e4 j\u00e4senmaksut &nbsp;ett\u00e4 kertamaksut. Kertamaksu t\u00e4ytyy maksaa samana p\u00e4iv\u00e4n\u00e4, kun aikoo ryhm\u00e4liikuntaan osallistua (ei [&hellip;]<\/p>\n","protected":false},"author":1,"featured_media":0,"parent":0,"menu_order":0,"comment_status":"closed","ping_status":"closed","template":"","meta":{"footnotes":""},"class_list":["post-33","page","type-page","status-publish","hentry"],"yoast_head":"<!-- This site is optimized with the Yoast SEO plugin v25.8 - https:\/\/yoast.com\/wordpress\/plugins\/seo\/ -->\n<title>J\u00e4senmaksut - ANV<\/title>\n<meta name=\"robots\" content=\"index, follow, max-snippet:-1, max-image-preview:large, max-video-preview:-1\" \/>\n<link rel=\"canonical\" href=\"https:\/\/anv.fi\/?page_id=33\" \/>\n<meta property=\"og:locale\" content=\"fi_FI\" \/>\n<meta property=\"og:type\" content=\"article\" \/>\n<meta property=\"og:title\" content=\"J\u00e4senmaksut - ANV\" \/>\n<meta property=\"og:description\" content=\"\u00a0Kauden 2025-2026 j\u00e4senmaksut J\u00e4senmaksut maksetaan tilille \u00a0FI2941080010713801. Muista laittaa viitteeksi oma nimesi. \u00a0 HUOM! J\u00e4senmaksu ei sis\u00e4ll\u00e4 tapaturmavakuutusta. MAKSUKSI K\u00c4YV\u00c4T SMARTUMIN ja TYKY- KUNTOSETELIT sek\u00e4 EPASSI. Infoa ePassilla maksaville: Maksut voi suorittaa a) puhelimeen saatavan&nbsp;mobiilisovelluksen b) puhelimen&nbsp;tekstiviestitoiminnon c)&nbsp;verkkomaksun&nbsp;kautta. EPassilla voit maksaa sek\u00e4 j\u00e4senmaksut &nbsp;ett\u00e4 kertamaksut. Kertamaksu t\u00e4ytyy maksaa samana p\u00e4iv\u00e4n\u00e4, kun aikoo ryhm\u00e4liikuntaan osallistua (ei [&hellip;]\" \/>\n<meta property=\"og:url\" content=\"https:\/\/anv.fi\/?page_id=33\" \/>\n<meta property=\"og:site_name\" content=\"ANV\" \/>\n<meta property=\"article:publisher\" content=\"https:\/\/www.facebook.com\/alavudennaisvoimistelijat\" \/>\n<meta property=\"article:modified_time\" content=\"2025-08-03T08:15:34+00:00\" \/>\n<meta property=\"og:image\" content=\"https:\/\/anv.fi\/wp-content\/uploads\/2023\/11\/epassi.jpg\" \/>\n\t<meta property=\"og:image:width\" content=\"290\" \/>\n\t<meta property=\"og:image:height\" content=\"174\" \/>\n\t<meta property=\"og:image:type\" content=\"image\/jpeg\" \/>\n<meta name=\"twitter:card\" content=\"summary_large_image\" \/>\n<meta name=\"twitter:label1\" content=\"Arvioitu lukuaika\" \/>\n\t<meta name=\"twitter:data1\" content=\"3 minuuttia\" \/>\n<script type=\"application\/ld+json\" class=\"yoast-schema-graph\">{\"@context\":\"https:\/\/schema.org\",\"@graph\":[{\"@type\":\"WebPage\",\"@id\":\"https:\/\/anv.fi\/?page_id=33\",\"url\":\"https:\/\/anv.fi\/?page_id=33\",\"name\":\"J\u00e4senmaksut - ANV\",\"isPartOf\":{\"@id\":\"https:\/\/anv.fi\/#website\"},\"primaryImageOfPage\":{\"@id\":\"https:\/\/anv.fi\/?page_id=33#primaryimage\"},\"image\":{\"@id\":\"https:\/\/anv.fi\/?page_id=33#primaryimage\"},\"thumbnailUrl\":\"http:\/\/anv.fi\/wp-content\/uploads\/2023\/11\/epassi.jpg\",\"datePublished\":\"2023-11-17T08:28:21+00:00\",\"dateModified\":\"2025-08-03T08:15:34+00:00\",\"breadcrumb\":{\"@id\":\"https:\/\/anv.fi\/?page_id=33#breadcrumb\"},\"inLanguage\":\"fi\",\"potentialAction\":[{\"@type\":\"ReadAction\",\"target\":[\"https:\/\/anv.fi\/?page_id=33\"]}]},{\"@type\":\"ImageObject\",\"inLanguage\":\"fi\",\"@id\":\"https:\/\/anv.fi\/?page_id=33#primaryimage\",\"url\":\"https:\/\/anv.fi\/wp-content\/uploads\/2023\/11\/epassi.jpg\",\"contentUrl\":\"https:\/\/anv.fi\/wp-content\/uploads\/2023\/11\/epassi.jpg\",\"width\":290,\"height\":174},{\"@type\":\"BreadcrumbList\",\"@id\":\"https:\/\/anv.fi\/?page_id=33#breadcrumb\",\"itemListElement\":[{\"@type\":\"ListItem\",\"position\":1,\"name\":\"Etusivu\",\"item\":\"https:\/\/anv.fi\/\"},{\"@type\":\"ListItem\",\"position\":2,\"name\":\"J\u00e4senmaksut\"}]},{\"@type\":\"WebSite\",\"@id\":\"https:\/\/anv.fi\/#website\",\"url\":\"https:\/\/anv.fi\/\",\"name\":\"ANV\",\"description\":\"ANV verkkosivusto. Treenit maanantaisin ja keskiviikkoisin.\",\"publisher\":{\"@id\":\"https:\/\/anv.fi\/#organization\"},\"potentialAction\":[{\"@type\":\"SearchAction\",\"target\":{\"@type\":\"EntryPoint\",\"urlTemplate\":\"https:\/\/anv.fi\/?s={search_term_string}\"},\"query-input\":{\"@type\":\"PropertyValueSpecification\",\"valueRequired\":true,\"valueName\":\"search_term_string\"}}],\"inLanguage\":\"fi\"},{\"@type\":\"Organization\",\"@id\":\"https:\/\/anv.fi\/#organization\",\"name\":\"ANV\",\"url\":\"https:\/\/anv.fi\/\",\"logo\":{\"@type\":\"ImageObject\",\"inLanguage\":\"fi\",\"@id\":\"https:\/\/anv.fi\/#\/schema\/logo\/image\/\",\"url\":\"https:\/\/anv.fi\/wp-content\/uploads\/2023\/11\/Na\u0308ytto\u0308kuva-2023-1-4-kello-10.27.43-1024x730-1.png\",\"contentUrl\":\"https:\/\/anv.fi\/wp-content\/uploads\/2023\/11\/Na\u0308ytto\u0308kuva-2023-1-4-kello-10.27.43-1024x730-1.png\",\"width\":1024,\"height\":730,\"caption\":\"ANV\"},\"image\":{\"@id\":\"https:\/\/anv.fi\/#\/schema\/logo\/image\/\"},\"sameAs\":[\"https:\/\/www.facebook.com\/alavudennaisvoimistelijat\",\"https:\/\/www.instagram.com\/anv.alavus\/\"]}]}<\/script>\n<!-- \/ Yoast SEO plugin. -->","yoast_head_json":{"title":"J\u00e4senmaksut - ANV","robots":{"index":"index","follow":"follow","max-snippet":"max-snippet:-1","max-image-preview":"max-image-preview:large","max-video-preview":"max-video-preview:-1"},"canonical":"https:\/\/anv.fi\/?page_id=33","og_locale":"fi_FI","og_type":"article","og_title":"J\u00e4senmaksut - ANV","og_description":"\u00a0Kauden 2025-2026 j\u00e4senmaksut J\u00e4senmaksut maksetaan tilille \u00a0FI2941080010713801. Muista laittaa viitteeksi oma nimesi. \u00a0 HUOM! J\u00e4senmaksu ei sis\u00e4ll\u00e4 tapaturmavakuutusta. MAKSUKSI K\u00c4YV\u00c4T SMARTUMIN ja TYKY- KUNTOSETELIT sek\u00e4 EPASSI. Infoa ePassilla maksaville: Maksut voi suorittaa a) puhelimeen saatavan&nbsp;mobiilisovelluksen b) puhelimen&nbsp;tekstiviestitoiminnon c)&nbsp;verkkomaksun&nbsp;kautta. EPassilla voit maksaa sek\u00e4 j\u00e4senmaksut &nbsp;ett\u00e4 kertamaksut. Kertamaksu t\u00e4ytyy maksaa samana p\u00e4iv\u00e4n\u00e4, kun aikoo ryhm\u00e4liikuntaan osallistua (ei [&hellip;]","og_url":"https:\/\/anv.fi\/?page_id=33","og_site_name":"ANV","article_publisher":"https:\/\/www.facebook.com\/alavudennaisvoimistelijat","article_modified_time":"2025-08-03T08:15:34+00:00","og_image":[{"width":290,"height":174,"url":"https:\/\/anv.fi\/wp-content\/uploads\/2023\/11\/epassi.jpg","type":"image\/jpeg"}],"twitter_card":"summary_large_image","twitter_misc":{"Arvioitu lukuaika":"3 minuuttia"},"schema":{"@context":"https:\/\/schema.org","@graph":[{"@type":"WebPage","@id":"https:\/\/anv.fi\/?page_id=33","url":"https:\/\/anv.fi\/?page_id=33","name":"J\u00e4senmaksut - ANV","isPartOf":{"@id":"https:\/\/anv.fi\/#website"},"primaryImageOfPage":{"@id":"https:\/\/anv.fi\/?page_id=33#primaryimage"},"image":{"@id":"https:\/\/anv.fi\/?page_id=33#primaryimage"},"thumbnailUrl":"http:\/\/anv.fi\/wp-content\/uploads\/2023\/11\/epassi.jpg","datePublished":"2023-11-17T08:28:21+00:00","dateModified":"2025-08-03T08:15:34+00:00","breadcrumb":{"@id":"https:\/\/anv.fi\/?page_id=33#breadcrumb"},"inLanguage":"fi","potentialAction":[{"@type":"ReadAction","target":["https:\/\/anv.fi\/?page_id=33"]}]},{"@type":"ImageObject","inLanguage":"fi","@id":"https:\/\/anv.fi\/?page_id=33#primaryimage","url":"https:\/\/anv.fi\/wp-content\/uploads\/2023\/11\/epassi.jpg","contentUrl":"https:\/\/anv.fi\/wp-content\/uploads\/2023\/11\/epassi.jpg","width":290,"height":174},{"@type":"BreadcrumbList","@id":"https:\/\/anv.fi\/?page_id=33#breadcrumb","itemListElement":[{"@type":"ListItem","position":1,"name":"Etusivu","item":"https:\/\/anv.fi\/"},{"@type":"ListItem","position":2,"name":"J\u00e4senmaksut"}]},{"@type":"WebSite","@id":"https:\/\/anv.fi\/#website","url":"https:\/\/anv.fi\/","name":"ANV","description":"ANV verkkosivusto. Treenit maanantaisin ja keskiviikkoisin.","publisher":{"@id":"https:\/\/anv.fi\/#organization"},"potentialAction":[{"@type":"SearchAction","target":{"@type":"EntryPoint","urlTemplate":"https:\/\/anv.fi\/?s={search_term_string}"},"query-input":{"@type":"PropertyValueSpecification","valueRequired":true,"valueName":"search_term_string"}}],"inLanguage":"fi"},{"@type":"Organization","@id":"https:\/\/anv.fi\/#organization","name":"ANV","url":"https:\/\/anv.fi\/","logo":{"@type":"ImageObject","inLanguage":"fi","@id":"https:\/\/anv.fi\/#\/schema\/logo\/image\/","url":"https:\/\/anv.fi\/wp-content\/uploads\/2023\/11\/Na\u0308ytto\u0308kuva-2023-1-4-kello-10.27.43-1024x730-1.png","contentUrl":"https:\/\/anv.fi\/wp-content\/uploads\/2023\/11\/Na\u0308ytto\u0308kuva-2023-1-4-kello-10.27.43-1024x730-1.png","width":1024,"height":730,"caption":"ANV"},"image":{"@id":"https:\/\/anv.fi\/#\/schema\/logo\/image\/"},"sameAs":["https:\/\/www.facebook.com\/alavudennaisvoimistelijat","https:\/\/www.instagram.com\/anv.alavus\/"]}]}},"_links":{"self":[{"href":"https:\/\/anv.fi\/index.php?rest_route=\/wp\/v2\/pages\/33","targetHints":{"allow":["GET"]}}],"collection":[{"href":"https:\/\/anv.fi\/index.php?rest_route=\/wp\/v2\/pages"}],"about":[{"href":"https:\/\/anv.fi\/index.php?rest_route=\/wp\/v2\/types\/page"}],"author":[{"embeddable":true,"href":"https:\/\/anv.fi\/index.php?rest_route=\/wp\/v2\/users\/1"}],"replies":[{"embeddable":true,"href":"https:\/\/anv.fi\/index.php?rest_route=%2Fwp%2Fv2%2Fcomments&post=33"}],"version-history":[{"count":7,"href":"https:\/\/anv.fi\/index.php?rest_route=\/wp\/v2\/pages\/33\/revisions"}],"predecessor-version":[{"id":112,"href":"https:\/\/anv.fi\/index.php?rest_route=\/wp\/v2\/pages\/33\/revisions\/112"}],"wp:attachment":[{"href":"https:\/\/anv.fi\/index.php?rest_route=%2Fwp%2Fv2%2Fmedia&parent=33"}],"curies":[{"name":"wp","href":"https:\/\/api.w.org\/{rel}","templated":true}]}}