{"id":40,"date":"2023-11-17T10:30:28","date_gmt":"2023-11-17T08:30:28","guid":{"rendered":"http:\/\/anv.fi\/?page_id=40"},"modified":"2023-11-17T14:19:11","modified_gmt":"2023-11-17T12:19:11","slug":"tietosuoja","status":"publish","type":"page","link":"https:\/\/anv.fi\/?page_id=40","title":{"rendered":"Tietosuoja"},"content":{"rendered":"\n<p>Rekisteri-ilmoitus (eli tietosuojaseloste)<\/p>\n\n\n\n<p>Rekisterinpit\u00e4j\u00e4 ja yhteyshenkil\u00f6<\/p>\n\n\n\n<p>Alavuden naisvoimistelijat ry, Y-tunnus: 2732102-3<\/p>\n\n\n\n<p>Osoite: &#8211;<\/p>\n\n\n\n<p>S\u00e4hk\u00f6posti:\u00a0<br><a>Alavudennaisvoimistelijatry@gmail.com<\/a><\/p>\n\n\n\n<p>Yhteyshenkil\u00f6n s\u00e4hk\u00f6posti:\u00a0<br><a>anne-mari.takala@alavus.fi<\/a><\/p>\n\n\n\n<p>J\u00e4sen-, luottamushenkil\u00f6-, ja yhteisty\u00f6kumppanirekisteri \/ markkinointirekisteri<\/p>\n\n\n\n<p>Henkil\u00f6tietojen k\u00e4sittelyn peruste ja k\u00e4ytt\u00f6tarkoitus<\/p>\n\n\n\n<p>Rekisterimme k\u00e4ytt\u00f6tarkoitus on rekister\u00f6ityjen j\u00e4senien ja niiden luottamushenkil\u00f6iden tietojen ajantasainen hallinta j\u00e4senyyden aikana, sen yll\u00e4pito ja kehitt\u00e4minen sek\u00e4 markkinointi ja my\u00f6s p\u00e4\u00e4ttyneiden j\u00e4senyyksien dokumentaation hallinta henkil\u00f6tietoj\u00e4rjestelm\u00e4ss\u00e4. Alavuden naisvoimistelijat ry:n j\u00e4rjest\u00e4miin koulutuksiin ja tapahtumiin osallistuneiden osalla my\u00f6s henkil\u00f6ryhm\u00e4kohtaiseen kohdennettuun suoramarkkinointi.<\/p>\n\n\n\n<p>Henkil\u00f6tietojen k\u00e4sittely perustuu:<\/p>\n\n\n\n<p>1) Alavuden naisvoimistelijat ry:n lains\u00e4\u00e4d\u00e4nn\u00f6lliseen velvoitteeseen yll\u00e4pit\u00e4\u00e4 j\u00e4senrekisteri\u00e4 j\u00e4senten osalta.<\/p>\n\n\n\n<p>2) Sopimuskumppanien (yhteisty\u00f6kumppanit) osalta sopimuksen t\u00e4yt\u00e4nt\u00f6\u00f6npanoon sek\u00e4 mahdollisen rekisterinpit\u00e4j\u00e4n muuhun perusteltuun etuun. Rekisterinpit\u00e4j\u00e4n etu sopimus- tilanteissa on taloudellisten saatavien ja vastuiden valvonta.<\/p>\n\n\n\n<p>3) Luottamushenkil\u00f6iden osalta rekister\u00f6inti perustuu yhdistyslains\u00e4\u00e4d\u00e4nt\u00f6\u00f6n.<\/p>\n\n\n\n<p>4) Markkinointirekisterin osalta suostumukseen.<\/p>\n\n\n\n<p>K\u00e4sitelt\u00e4v\u00e4t henkil\u00f6tiedot:<\/p>\n\n\n\n<p>Rekisteriss\u00e4 k\u00e4sitell\u00e4\u00e4n Alavuden naisvoimistelijat ry:n j\u00e4senten luottamus- ja toimihenkil\u00f6iden henkil\u00f6- ja yhteystietoja sek\u00e4 muita j\u00e4senyyteen tai koulutuksiin ja tapahtumiin osallistumiseen liittyvi\u00e4 tarpeellisia tietoja. N\u00e4it\u00e4 tietoja ovat:<\/p>\n\n\n\n<p>* Etu- ja sukunimi<\/p>\n\n\n\n<p>* Osoite<\/p>\n\n\n\n<p>* Puhelinnumero<\/p>\n\n\n\n<p>* S\u00e4hk\u00f6postiosoite<\/p>\n\n\n\n<p>* Syntym\u00e4vuosi<\/p>\n\n\n\n<p>* Sukupuoli<\/p>\n\n\n\n<p>S\u00e4\u00e4nn\u00f6nmukaiset tietol\u00e4hteet<\/p>\n\n\n\n<p>Henkil\u00f6tietoja ker\u00e4t\u00e4\u00e4n j\u00e4senilt\u00e4, rekister\u00f6idylt\u00e4 itselt\u00e4\u00e4n ja osallistujilta itselt\u00e4\u00e4n.<\/p>\n\n\n\n<p>Henkil\u00f6tietojen suojaaminen ja tietoturva<\/p>\n\n\n\n<p>Digitaalisesti k\u00e4sitelt\u00e4v\u00e4t henkil\u00f6tiedot on suojattu ja tallennettu Alavuden naisvoimistelijat ry:n j\u00e4rjestelm\u00e4\u00e4n (pilvipalvelu\/googledrive), johon on rajattu p\u00e4\u00e4sy vain sellaisilla henkil\u00f6ill\u00e4, jotka tarvitsevat kyseisi\u00e4 tietoja ty\u00f6teht\u00e4viens\u00e4 hoitamiseksi. Kyseisill\u00e4 henkil\u00f6ill\u00e4 on k\u00e4yt\u00f6ss\u00e4\u00e4n henkil\u00f6kohtaiset k\u00e4ytt\u00e4j\u00e4tunnukset ja salasanat.<\/p>\n\n\n\n<p>Henkil\u00f6tiedot on suojattu ulkopuoliselta k\u00e4yt\u00f6lt\u00e4 ja j\u00e4sentietojen k\u00e4ytt\u00f6\u00e4 valvotaan. Alavuden naisvoimistelijat ry:n ulkopuolelle l\u00e4hetett\u00e4v\u00e4t henkil\u00f6tiedot salataan. K\u00e4ytetyt ty\u00f6asemat ja tallennusmediat ovat salattu. Manuaalisesti k\u00e4sitelt\u00e4v\u00e4 tieto s\u00e4ilytet\u00e4\u00e4n lukitussa tilassa.<\/p>\n\n\n\n<p>Henkil\u00f6tietojen s\u00e4\u00e4nn\u00f6nmukaiset luovutukset ja siirrot<\/p>\n\n\n\n<p>Tietoja ei luovuteta p\u00e4\u00e4s\u00e4\u00e4nt\u00f6isesti kolmansille osapuolille. Poikkeuksena osallistujalistojen luovuttaminen koulutusten j\u00e4rjest\u00e4jille, tilaajille tai kouluttajille.<\/p>\n\n\n\n<p>Henkil\u00f6tiedot luovutetaan rekisterin yll\u00e4pit\u00e4j\u00e4lle, joka toimii henkil\u00f6tietojen k\u00e4sittelij\u00e4n\u00e4.<\/p>\n\n\n\n<p>Henkil\u00f6tietoja voidaan siirt\u00e4\u00e4 rekisterin palveluntarjoajaa vaihdettaessa uudelle j\u00e4rjestelm\u00e4n yll\u00e4pit\u00e4j\u00e4lle. Henkil\u00f6rekisterin teknisen yll\u00e4pidon ja k\u00e4sittelyn toteuttava rekisterinpit\u00e4j\u00e4n yhteisty\u00f6kumppani voi siirt\u00e4\u00e4 henkil\u00f6tietoja eteenp\u00e4in soveltuvan yksityisyyden suojaa koskevan lains\u00e4\u00e4d\u00e4nn\u00f6n ja t\u00e4m\u00e4n tietosuojaselosteen mukaisesti.<\/p>\n\n\n\n<p>Henkil\u00f6tietojen s\u00e4ilytysaika<\/p>\n\n\n\n<p>J\u00e4sentiedot s\u00e4ilytet\u00e4\u00e4n rekisteriss\u00e4 niin kauan kuin rekister\u00f6ity on Alavuden naisvoimistelijat ry:n j\u00e4sen tai sopimuskumppani ja sopimukseen perustuvan reklamaatiovastuuajan.<\/p>\n\n\n\n<p>J\u00e4senyyden p\u00e4\u00e4ttymisen j\u00e4lkeen henkil\u00f6tietoja s\u00e4ilytet\u00e4\u00e4n enint\u00e4\u00e4n kymmenen vuoden ajan j\u00e4senyyden p\u00e4\u00e4ttymisest\u00e4.<\/p>\n\n\n\n<p>Sopimuskumppanin tiedot s\u00e4ilytet\u00e4\u00e4n v\u00e4hint\u00e4\u00e4n kolmen vuoden ja enint\u00e4\u00e4n kymmenen vuotta vanhentumisajan sopimuksen p\u00e4\u00e4ttymisest\u00e4.<\/p>\n\n\n\n<p>Osallistujien henkil\u00f6tietoja s\u00e4ilytet\u00e4\u00e4n enint\u00e4\u00e4n kymmen vuotta viimeisimm\u00e4n osallistumisen j\u00e4lkeen.<\/p>\n\n\n\n<p>Suostumukseen perustuvat tiedot s\u00e4ilytet\u00e4\u00e4n, kunnes suostumus peruutetaan.<\/p>\n\n\n\n<p>Rekister\u00f6idyn oikeudet:<\/p>\n\n\n\n<p>Rekister\u00f6idyll\u00e4 on l\u00e4ht\u00f6kohtaisesti oikeus soveltuvan tietosuojalains\u00e4\u00e4d\u00e4nn\u00f6n mukaisesti milloin tahansa:<\/p>\n\n\n\n<p>&#8211; saada tieto henkil\u00f6tietojensa k\u00e4sittelyst\u00e4;<\/p>\n\n\n\n<p>&#8211; saada p\u00e4\u00e4sy omiin tietoihinsa ja tarkastaa itse\u00e4\u00e4n koskevat henkil\u00f6tiedot;<\/p>\n\n\n\n<p>&#8211; vaatia ep\u00e4tarkan ja virheellisen henkil\u00f6tiedon oikaisua ja tietojen t\u00e4ydent\u00e4mist\u00e4;<\/p>\n\n\n\n<p>&#8211; vaatia henkil\u00f6tietojensa poistamista (samalla oikeus osallistua tapahtumaan poistuu);<\/p>\n\n\n\n<p>&#8211; peruuttaa suostumuksensa ja vastustaa henkil\u00f6tietojensa k\u00e4sittely\u00e4 silt\u00e4 osin kuin henkil\u00f6tietojen k\u00e4sittely perustuu rekister\u00f6idyn suostumukseen;<\/p>\n\n\n\n<p>&#8211; vastustaa henkil\u00f6tietojensa k\u00e4sittely\u00e4 henkil\u00f6kohtaiseen erityiseen tilanteeseensa liittyv\u00e4ll\u00e4 perusteella silt\u00e4 osin kuin henkil\u00f6tietojen k\u00e4sittelyperusteena on Alavuden naisvoimistelijat ry:n oikeutettu etu;<\/p>\n\n\n\n<p>&#8211; saada henkil\u00f6tietonsa koneluettavassa muodossa ja siirt\u00e4\u00e4 kyseiset tiedot toiselle rekisterinpit\u00e4j\u00e4lle<\/p>\n\n\n\n<p>&#8211; vaatia henkil\u00f6tietojensa k\u00e4sittelyn rajoittamista.<\/p>\n\n\n\n<p>Rekister\u00f6idyn tulee esitt\u00e4\u00e4 edell\u00e4 mainitun oikeuden toteuttamista koskeva pyynt\u00f6 t\u00e4m\u00e4n tietosuojaselosteen Yhteydenotot-kohdan mukaisesti. Alavuden naisvoimistelijat ry:n voi pyyt\u00e4\u00e4 rekister\u00f6ity\u00e4 tarkentamaan pyynt\u00f6\u00e4\u00e4n kirjallisesti ja varmentamaan rekister\u00f6idyn henkil\u00f6llisyyden ennen pyynn\u00f6n k\u00e4sittelemist\u00e4. Alavuden naisvoimistelijat ry:n voi kielt\u00e4yty\u00e4 pyynn\u00f6n toteuttamisesta sovellettavassa laissa s\u00e4\u00e4detyll\u00e4 perusteella.<\/p>\n\n\n\n<p>Oikeus valittaa valvontaviranomaiselle<\/p>\n\n\n\n<p>Jokaisella rekister\u00f6idyll\u00e4 on oikeus tehd\u00e4 valitus asianomaiselle valvontaviranomaiselle taikka sen Euroopan unionin j\u00e4senvaltion valvontaviranomaiselle, jossa rekister\u00f6idyn asuinpakka tai ty\u00f6paikka sijaitsee, mik\u00e4li rekister\u00f6ity katsoo, ett\u00e4 h\u00e4nen henkil\u00f6tietojaan ei ole k\u00e4sitelty soveltuvan tietosuojak\u00e4yt\u00e4nn\u00f6n mukaisesti.<\/p>\n\n\n\n<p>Pakolliset tiedot<\/p>\n\n\n\n<p>Yhdistyksen (Alavuden naisvoimistelijat ry) luottamushenkil\u00f6iden osalta yhdistyslain edellytt\u00e4m\u00e4t tiedot (nimi, hetu, yhteystiedot). (yhdistyslaki).<\/p>\n\n\n\n<p>Sopimussuhteissa olevat tahot:<\/p>\n\n\n\n<p>Sopimuskumppanin perustiedot, luottosuhteessa luoton perinn\u00e4n edellytt\u00e4m\u00e4t tiedot (hetu).<\/p>\n\n\n\n<p>Allergiatiedot tapahtumiin osallistuvien osalta (rekister\u00f6idyn elint\u00e4rke\u00e4 etu).<\/p>\n\n\n\n<p>Muut tapahtuman j\u00e4rjest\u00e4miseksi kolmansien tahojen edellytt\u00e4m\u00e4t tiedot (ilmoitetaan ilmoittautumisen yhteydess\u00e4). (Sopimuksen tekeminen).<\/p>\n\n\n\n<p>Seuraus mik\u00e4li tietoja ei luovuta<\/p>\n\n\n\n<p>Sopimusta ei voida toteuttaa ilman pakollisten tietojen luovuttamista.<\/p>\n\n\n\n<p>Yhteydenotot<\/p>\n\n\n\n<p>Rekister\u00f6idyn oikeuksien k\u00e4ytt\u00e4mist\u00e4 koskevat pyynn\u00f6t, kysymykset t\u00e4st\u00e4 tietosuojaselosteesta ja muut yhteydenotot tulee tehd\u00e4 s\u00e4hk\u00f6postitse osoitteeseen: alavudennaisvoimistelijatry@gmail.com.<\/p>\n\n\n\n<p>Muutokset t\u00e4h\u00e4n tietosuojaselosteeseen<\/p>\n\n\n\n<p>T\u00e4t\u00e4 tietosuojaselostetta voidaan p\u00e4ivitt\u00e4\u00e4 aika ajoin esimerkiksi lains\u00e4\u00e4d\u00e4nn\u00f6n muuttuessa. T\u00e4m\u00e4 ilmoitus on viimeksi p\u00e4ivitetty 26.6.2018<\/p>\n","protected":false},"excerpt":{"rendered":"<p>Rekisteri-ilmoitus (eli tietosuojaseloste) Rekisterinpit\u00e4j\u00e4 ja yhteyshenkil\u00f6 Alavuden naisvoimistelijat ry, Y-tunnus: 2732102-3 Osoite: &#8211; S\u00e4hk\u00f6posti:\u00a0Alavudennaisvoimistelijatry@gmail.com Yhteyshenkil\u00f6n s\u00e4hk\u00f6posti:\u00a0anne-mari.takala@alavus.fi J\u00e4sen-, luottamushenkil\u00f6-, ja yhteisty\u00f6kumppanirekisteri \/ markkinointirekisteri Henkil\u00f6tietojen k\u00e4sittelyn peruste ja k\u00e4ytt\u00f6tarkoitus Rekisterimme k\u00e4ytt\u00f6tarkoitus on rekister\u00f6ityjen j\u00e4senien ja niiden luottamushenkil\u00f6iden tietojen ajantasainen hallinta j\u00e4senyyden aikana, sen yll\u00e4pito ja kehitt\u00e4minen sek\u00e4 markkinointi ja my\u00f6s p\u00e4\u00e4ttyneiden j\u00e4senyyksien dokumentaation hallinta henkil\u00f6tietoj\u00e4rjestelm\u00e4ss\u00e4. Alavuden naisvoimistelijat [&hellip;]<\/p>\n","protected":false},"author":1,"featured_media":0,"parent":0,"menu_order":0,"comment_status":"closed","ping_status":"closed","template":"","meta":{"footnotes":""},"class_list":["post-40","page","type-page","status-publish","hentry"],"yoast_head":"<!-- This site is optimized with the Yoast SEO plugin v25.8 - https:\/\/yoast.com\/wordpress\/plugins\/seo\/ -->\n<title>Tietosuoja - ANV<\/title>\n<meta name=\"robots\" content=\"index, follow, max-snippet:-1, max-image-preview:large, max-video-preview:-1\" \/>\n<link rel=\"canonical\" href=\"https:\/\/anv.fi\/?page_id=40\" \/>\n<meta property=\"og:locale\" content=\"fi_FI\" \/>\n<meta property=\"og:type\" content=\"article\" \/>\n<meta property=\"og:title\" content=\"Tietosuoja - ANV\" \/>\n<meta property=\"og:description\" content=\"Rekisteri-ilmoitus (eli tietosuojaseloste) Rekisterinpit\u00e4j\u00e4 ja yhteyshenkil\u00f6 Alavuden naisvoimistelijat ry, Y-tunnus: 2732102-3 Osoite: &#8211; S\u00e4hk\u00f6posti:\u00a0Alavudennaisvoimistelijatry@gmail.com Yhteyshenkil\u00f6n s\u00e4hk\u00f6posti:\u00a0anne-mari.takala@alavus.fi J\u00e4sen-, luottamushenkil\u00f6-, ja yhteisty\u00f6kumppanirekisteri \/ markkinointirekisteri Henkil\u00f6tietojen k\u00e4sittelyn peruste ja k\u00e4ytt\u00f6tarkoitus Rekisterimme k\u00e4ytt\u00f6tarkoitus on rekister\u00f6ityjen j\u00e4senien ja niiden luottamushenkil\u00f6iden tietojen ajantasainen hallinta j\u00e4senyyden aikana, sen yll\u00e4pito ja kehitt\u00e4minen sek\u00e4 markkinointi ja my\u00f6s p\u00e4\u00e4ttyneiden j\u00e4senyyksien dokumentaation hallinta henkil\u00f6tietoj\u00e4rjestelm\u00e4ss\u00e4. Alavuden naisvoimistelijat [&hellip;]\" \/>\n<meta property=\"og:url\" content=\"https:\/\/anv.fi\/?page_id=40\" \/>\n<meta property=\"og:site_name\" content=\"ANV\" \/>\n<meta property=\"article:publisher\" content=\"https:\/\/www.facebook.com\/alavudennaisvoimistelijat\" \/>\n<meta property=\"article:modified_time\" content=\"2023-11-17T12:19:11+00:00\" \/>\n<meta name=\"twitter:card\" content=\"summary_large_image\" \/>\n<meta name=\"twitter:label1\" content=\"Arvioitu lukuaika\" \/>\n\t<meta name=\"twitter:data1\" content=\"4 minuuttia\" \/>\n<script type=\"application\/ld+json\" class=\"yoast-schema-graph\">{\"@context\":\"https:\/\/schema.org\",\"@graph\":[{\"@type\":\"WebPage\",\"@id\":\"https:\/\/anv.fi\/?page_id=40\",\"url\":\"https:\/\/anv.fi\/?page_id=40\",\"name\":\"Tietosuoja - ANV\",\"isPartOf\":{\"@id\":\"https:\/\/anv.fi\/#website\"},\"datePublished\":\"2023-11-17T08:30:28+00:00\",\"dateModified\":\"2023-11-17T12:19:11+00:00\",\"breadcrumb\":{\"@id\":\"https:\/\/anv.fi\/?page_id=40#breadcrumb\"},\"inLanguage\":\"fi\",\"potentialAction\":[{\"@type\":\"ReadAction\",\"target\":[\"https:\/\/anv.fi\/?page_id=40\"]}]},{\"@type\":\"BreadcrumbList\",\"@id\":\"https:\/\/anv.fi\/?page_id=40#breadcrumb\",\"itemListElement\":[{\"@type\":\"ListItem\",\"position\":1,\"name\":\"Etusivu\",\"item\":\"https:\/\/anv.fi\/\"},{\"@type\":\"ListItem\",\"position\":2,\"name\":\"Tietosuoja\"}]},{\"@type\":\"WebSite\",\"@id\":\"https:\/\/anv.fi\/#website\",\"url\":\"https:\/\/anv.fi\/\",\"name\":\"ANV\",\"description\":\"ANV verkkosivusto. Treenit maanantaisin ja keskiviikkoisin.\",\"publisher\":{\"@id\":\"https:\/\/anv.fi\/#organization\"},\"potentialAction\":[{\"@type\":\"SearchAction\",\"target\":{\"@type\":\"EntryPoint\",\"urlTemplate\":\"https:\/\/anv.fi\/?s={search_term_string}\"},\"query-input\":{\"@type\":\"PropertyValueSpecification\",\"valueRequired\":true,\"valueName\":\"search_term_string\"}}],\"inLanguage\":\"fi\"},{\"@type\":\"Organization\",\"@id\":\"https:\/\/anv.fi\/#organization\",\"name\":\"ANV\",\"url\":\"https:\/\/anv.fi\/\",\"logo\":{\"@type\":\"ImageObject\",\"inLanguage\":\"fi\",\"@id\":\"https:\/\/anv.fi\/#\/schema\/logo\/image\/\",\"url\":\"https:\/\/anv.fi\/wp-content\/uploads\/2023\/11\/Na\u0308ytto\u0308kuva-2023-1-4-kello-10.27.43-1024x730-1.png\",\"contentUrl\":\"https:\/\/anv.fi\/wp-content\/uploads\/2023\/11\/Na\u0308ytto\u0308kuva-2023-1-4-kello-10.27.43-1024x730-1.png\",\"width\":1024,\"height\":730,\"caption\":\"ANV\"},\"image\":{\"@id\":\"https:\/\/anv.fi\/#\/schema\/logo\/image\/\"},\"sameAs\":[\"https:\/\/www.facebook.com\/alavudennaisvoimistelijat\",\"https:\/\/www.instagram.com\/anv.alavus\/\"]}]}<\/script>\n<!-- \/ Yoast SEO plugin. -->","yoast_head_json":{"title":"Tietosuoja - ANV","robots":{"index":"index","follow":"follow","max-snippet":"max-snippet:-1","max-image-preview":"max-image-preview:large","max-video-preview":"max-video-preview:-1"},"canonical":"https:\/\/anv.fi\/?page_id=40","og_locale":"fi_FI","og_type":"article","og_title":"Tietosuoja - ANV","og_description":"Rekisteri-ilmoitus (eli tietosuojaseloste) Rekisterinpit\u00e4j\u00e4 ja yhteyshenkil\u00f6 Alavuden naisvoimistelijat ry, Y-tunnus: 2732102-3 Osoite: &#8211; S\u00e4hk\u00f6posti:\u00a0Alavudennaisvoimistelijatry@gmail.com Yhteyshenkil\u00f6n s\u00e4hk\u00f6posti:\u00a0anne-mari.takala@alavus.fi J\u00e4sen-, luottamushenkil\u00f6-, ja yhteisty\u00f6kumppanirekisteri \/ markkinointirekisteri Henkil\u00f6tietojen k\u00e4sittelyn peruste ja k\u00e4ytt\u00f6tarkoitus Rekisterimme k\u00e4ytt\u00f6tarkoitus on rekister\u00f6ityjen j\u00e4senien ja niiden luottamushenkil\u00f6iden tietojen ajantasainen hallinta j\u00e4senyyden aikana, sen yll\u00e4pito ja kehitt\u00e4minen sek\u00e4 markkinointi ja my\u00f6s p\u00e4\u00e4ttyneiden j\u00e4senyyksien dokumentaation hallinta henkil\u00f6tietoj\u00e4rjestelm\u00e4ss\u00e4. Alavuden naisvoimistelijat [&hellip;]","og_url":"https:\/\/anv.fi\/?page_id=40","og_site_name":"ANV","article_publisher":"https:\/\/www.facebook.com\/alavudennaisvoimistelijat","article_modified_time":"2023-11-17T12:19:11+00:00","twitter_card":"summary_large_image","twitter_misc":{"Arvioitu lukuaika":"4 minuuttia"},"schema":{"@context":"https:\/\/schema.org","@graph":[{"@type":"WebPage","@id":"https:\/\/anv.fi\/?page_id=40","url":"https:\/\/anv.fi\/?page_id=40","name":"Tietosuoja - ANV","isPartOf":{"@id":"https:\/\/anv.fi\/#website"},"datePublished":"2023-11-17T08:30:28+00:00","dateModified":"2023-11-17T12:19:11+00:00","breadcrumb":{"@id":"https:\/\/anv.fi\/?page_id=40#breadcrumb"},"inLanguage":"fi","potentialAction":[{"@type":"ReadAction","target":["https:\/\/anv.fi\/?page_id=40"]}]},{"@type":"BreadcrumbList","@id":"https:\/\/anv.fi\/?page_id=40#breadcrumb","itemListElement":[{"@type":"ListItem","position":1,"name":"Etusivu","item":"https:\/\/anv.fi\/"},{"@type":"ListItem","position":2,"name":"Tietosuoja"}]},{"@type":"WebSite","@id":"https:\/\/anv.fi\/#website","url":"https:\/\/anv.fi\/","name":"ANV","description":"ANV verkkosivusto. Treenit maanantaisin ja keskiviikkoisin.","publisher":{"@id":"https:\/\/anv.fi\/#organization"},"potentialAction":[{"@type":"SearchAction","target":{"@type":"EntryPoint","urlTemplate":"https:\/\/anv.fi\/?s={search_term_string}"},"query-input":{"@type":"PropertyValueSpecification","valueRequired":true,"valueName":"search_term_string"}}],"inLanguage":"fi"},{"@type":"Organization","@id":"https:\/\/anv.fi\/#organization","name":"ANV","url":"https:\/\/anv.fi\/","logo":{"@type":"ImageObject","inLanguage":"fi","@id":"https:\/\/anv.fi\/#\/schema\/logo\/image\/","url":"https:\/\/anv.fi\/wp-content\/uploads\/2023\/11\/Na\u0308ytto\u0308kuva-2023-1-4-kello-10.27.43-1024x730-1.png","contentUrl":"https:\/\/anv.fi\/wp-content\/uploads\/2023\/11\/Na\u0308ytto\u0308kuva-2023-1-4-kello-10.27.43-1024x730-1.png","width":1024,"height":730,"caption":"ANV"},"image":{"@id":"https:\/\/anv.fi\/#\/schema\/logo\/image\/"},"sameAs":["https:\/\/www.facebook.com\/alavudennaisvoimistelijat","https:\/\/www.instagram.com\/anv.alavus\/"]}]}},"_links":{"self":[{"href":"https:\/\/anv.fi\/index.php?rest_route=\/wp\/v2\/pages\/40","targetHints":{"allow":["GET"]}}],"collection":[{"href":"https:\/\/anv.fi\/index.php?rest_route=\/wp\/v2\/pages"}],"about":[{"href":"https:\/\/anv.fi\/index.php?rest_route=\/wp\/v2\/types\/page"}],"author":[{"embeddable":true,"href":"https:\/\/anv.fi\/index.php?rest_route=\/wp\/v2\/users\/1"}],"replies":[{"embeddable":true,"href":"https:\/\/anv.fi\/index.php?rest_route=%2Fwp%2Fv2%2Fcomments&post=40"}],"version-history":[{"count":2,"href":"https:\/\/anv.fi\/index.php?rest_route=\/wp\/v2\/pages\/40\/revisions"}],"predecessor-version":[{"id":52,"href":"https:\/\/anv.fi\/index.php?rest_route=\/wp\/v2\/pages\/40\/revisions\/52"}],"wp:attachment":[{"href":"https:\/\/anv.fi\/index.php?rest_route=%2Fwp%2Fv2%2Fmedia&parent=40"}],"curies":[{"name":"wp","href":"https:\/\/api.w.org\/{rel}","templated":true}]}}